{"id":10188,"date":"2018-06-22T16:31:29","date_gmt":"2018-06-22T16:31:29","guid":{"rendered":"https:\/\/upperinc.com\/previews\/wp\/skudo\/corporate-contents\/?page_id=10188"},"modified":"2023-11-09T07:01:14","modified_gmt":"2023-11-09T07:01:14","slug":"ueber-mich","status":"publish","type":"page","link":"https:\/\/xn--gynkologie-pempelfort-71b.at\/en\/ueber-mich\/","title":{"rendered":"About"},"content":{"rendered":"<div class=\"wpb-content-wrapper\"><div class=\"vc_row wpb_row vc_row-fluid\"><div class=\"wpb_column vc_column_container vc_col-sm-12\"><div class=\"vc_column-inner\"><div class=\"wpb_wrapper\"><div class=\"vc_empty_space\"   style=\"height: 200px\"><span class=\"vc_empty_space_inner\"><\/span><\/div><div class=\"ult-animation  ult-animate-viewport  ult-no-mobile\" data-animate=\"fadeInUp\" data-animation-delay=\"0.3\" data-animation-duration=\"1\" data-animation-iteration=\"1\" style=\"opacity:0;\" data-opacity_start_effect=\"\"><h4 style=\"color: rgba(178,178,178,0.65);text-align: left\" class=\"vc_custom_heading vc_do_custom_heading\" >Dr Sara Dunja Pempelfort<\/h4><div class=\"vc_empty_space\"   style=\"height: 10px\"><span class=\"vc_empty_space_inner\"><\/span><\/div><h2 style=\"font-size: 55px;line-height: 1.25em;text-align: left\" class=\"vc_custom_heading vc_do_custom_heading\" >Your wellbeing<br \/>\nis important to me<\/h2><\/div><div class=\"vc_empty_space\"   style=\"height: 130px\"><span class=\"vc_empty_space_inner\"><\/span><\/div><div class=\"ult-animation  ult-animate-viewport  ult-no-mobile\" data-animate=\"fadeInUp\" data-animation-delay=\"0.3\" data-animation-duration=\"1\" data-animation-iteration=\"1\" style=\"opacity:0;\" data-opacity_start_effect=\"\"><\/div><div class=\"vc_empty_space\"   style=\"height: 200px\"><span class=\"vc_empty_space_inner\"><\/span><\/div><\/div><\/div><\/div><\/div><!-- Row Backgrounds --><div class=\"upb_bg_img\" data-ultimate-bg=\"url(https:\/\/xn--gynkologie-pempelfort-71b.at\/wp-content\/uploads\/2021\/11\/pg-u-uebermich-e1-b1.jpg)\" data-image-id=\"id^11765|url^https:\/\/xn--gynkologie-pempelfort-71b.at\/wp-content\/uploads\/2021\/11\/pg-u-uebermich-e1-b1.jpg|caption^Red Mittagskogel hill in summer fresh blue sky color morning|alt^null|title^Red Mittagskogel hill in summer fresh blue sky morning|description^null\" data-ultimate-bg-style=\"vcpb-vz-jquery\" data-bg-img-repeat=\"no-repeat\" data-bg-img-size=\"cover\" data-bg-img-position=\"\" data-parallx_sense=\"30\" data-bg-override=\"ex-full\" data-bg_img_attach=\"scroll\" data-upb-overlay-color=\"rgba(0,0,0,0.08)\" data-upb-bg-animation=\"\" data-fadeout=\"\" data-bg-animation=\"left-animation\" data-bg-animation-type=\"h\" data-animation-repeat=\"repeat\" data-fadeout-percentage=\"30\" data-parallax-content=\"\" data-parallax-content-sense=\"30\" data-row-effect-mobile-disable=\"true\" data-img-parallax-mobile-disable=\"true\" data-rtl=\"false\"  data-custom-vc-row=\"\"  data-vc=\"8.7.1\"  data-is_old_vc=\"\"  data-theme-support=\"\"   data-overlay=\"true\" data-overlay-color=\"rgba(0,0,0,0.08)\" data-overlay-pattern=\"\" data-overlay-pattern-opacity=\"0.8\" data-overlay-pattern-size=\"\" data-overlay-pattern-attachment=\"scroll\"    data-seperator=\"true\"  data-seperator-type=\"tilt_right_seperator\"  data-seperator-shape-size=\"40\"  data-seperator-svg-height=\"150\"  data-seperator-full-width=\"true\" data-seperator-position=\"bottom_seperator\"  data-seperator-background-color=\"#ffffff\"  data-icon=\"\"  ><\/div><div class=\"vc_row wpb_row vc_row-fluid vc_custom_1531172819746\"><div class=\"mobile-margin-1 wpb_column vc_column_container vc_col-sm-4\"><div class=\"vc_column-inner\"><div class=\"wpb_wrapper\"><div class=\"ult-animation  ult-animate-viewport  ult-no-mobile\" data-animate=\"fadeInUp\" data-animation-delay=\"0.3\" data-animation-duration=\"1\" data-animation-iteration=\"1\" style=\"opacity:0;\" data-opacity_start_effect=\"80\"><div class=\"vc_icon_element vc_icon_element-outer vc_do_icon vc_icon_element-align-center\"><div class=\"vc_icon_element-inner vc_icon_element-color-custom vc_icon_element-size-lg vc_icon_element-style- vc_icon_element-background-color-grey\" ><span class=\"vc_icon_element-icon fas fa-female\" style=\"color:#969696 !important\"><\/span><\/div><\/div>\n\t<div class=\"wpb_text_column wpb_content_element\" >\n\t\t<div class=\"wpb_wrapper\">\n\t\t\t<h3 style=\"text-align: center; font-family: 'Josefin Sans'; font-size: 22px; color: #565656; font-weight: 400;\">Teenagers<\/h3>\n<p style=\"text-align: center; color: #565656;\">I am a person of trust for young patients with whom they can discuss all their concerns.<\/p>\n\n\t\t<\/div>\n\t<\/div>\n<\/div><\/div><\/div><\/div><div class=\"mobile-margin-1 wpb_column vc_column_container vc_col-sm-4\"><div class=\"vc_column-inner\"><div class=\"wpb_wrapper\"><div class=\"ult-animation  ult-animate-viewport  ult-no-mobile\" data-animate=\"fadeInUp\" data-animation-delay=\"0.6\" data-animation-duration=\"1\" data-animation-iteration=\"1\" style=\"opacity:0;\" data-opacity_start_effect=\"80\"><div class=\"vc_icon_element vc_icon_element-outer vc_do_icon vc_icon_element-align-center\"><div class=\"vc_icon_element-inner vc_icon_element-color-custom vc_icon_element-size-lg vc_icon_element-style- vc_icon_element-background-color-grey\" ><span class=\"vc_icon_element-icon fas fa-comments\" style=\"color:#969696 !important\"><\/span><\/div><\/div>\n\t<div class=\"wpb_text_column wpb_content_element\" >\n\t\t<div class=\"wpb_wrapper\">\n\t\t\t<h3 style=\"text-align: center; font-family: 'Josefin Sans'; font-size: 22px; color: #565656; font-weight: 400;\">Adult women<\/h3>\n<p style=\"text-align: center; color: #565656;\">I can offer advice on contraception and fertility and carry out routine tests.<\/p>\n\n\t\t<\/div>\n\t<\/div>\n<\/div><\/div><\/div><\/div><div class=\"wpb_column vc_column_container vc_col-sm-4\"><div class=\"vc_column-inner\"><div class=\"wpb_wrapper\"><div class=\"ult-animation  ult-animate-viewport  ult-no-mobile\" data-animate=\"fadeInUp\" data-animation-delay=\"0.9\" data-animation-duration=\"1\" data-animation-iteration=\"1\" style=\"opacity:0;\" data-opacity_start_effect=\"80\"><div class=\"vc_icon_element vc_icon_element-outer vc_do_icon vc_icon_element-align-center\"><div class=\"vc_icon_element-inner vc_icon_element-color-custom vc_icon_element-size-lg vc_icon_element-style- vc_icon_element-background-color-grey\" ><span class=\"vc_icon_element-icon fas fa-history\" style=\"color:#969696 !important\"><\/span><\/div><\/div>\n\t<div class=\"wpb_text_column wpb_content_element\" >\n\t\t<div class=\"wpb_wrapper\">\n\t\t\t<h3 style=\"text-align: center; font-family: 'Josefin Sans'; font-size: 22px; color: #565656; font-weight: 400;\">The menopause<\/h3>\n<p style=\"text-align: center; color: #565656;\">I will support  you through this challenging time of mood swings, hot flushes and unexpected symptoms.<\/p>\n\n\t\t<\/div>\n\t<\/div>\n<\/div><\/div><\/div><\/div><\/div><div class=\"vc_row wpb_row vc_row-fluid vc_custom_1638199126123\"><div class=\"wpb_column vc_column_container vc_col-sm-12\"><div class=\"vc_column-inner\"><div class=\"wpb_wrapper\"><div class=\"vc_row wpb_row vc_inner vc_row-fluid vc_row-o-equal-height vc_row-o-content-middle vc_row-flex\"><div class=\"wpb_column vc_column_container vc_col-sm-6\"><div class=\"vc_column-inner\"><div class=\"wpb_wrapper\">\n\t<div  class=\"wpb_single_image wpb_content_element vc_align_right wpb_content_element wpb_animate_when_almost_visible wpb_fadeInUp fadeInUp  mobile-margin-1\">\n\t\t\n\t\t<figure class=\"wpb_wrapper vc_figure\">\n\t\t\t<a class=\"\" data-lightbox=\"lightbox[rel-10188-1123653680]\" href=\"https:\/\/xn--gynkologie-pempelfort-71b.at\/wp-content\/uploads\/2022\/02\/pg-u-uebermich-e3-b1-NEU.jpg\" target=\"_self\"><img loading=\"lazy\" decoding=\"async\" width=\"478\" height=\"485\" src=\"https:\/\/xn--gynkologie-pempelfort-71b.at\/wp-content\/uploads\/2022\/02\/pg-u-uebermich-e3-b1-NEU.jpg\" class=\"vc_single_image-img attachment-full\" alt=\"\" title=\"pg-u-uebermich-e3-b1-NEU\" srcset=\"https:\/\/xn--gynkologie-pempelfort-71b.at\/wp-content\/uploads\/2022\/02\/pg-u-uebermich-e3-b1-NEU.jpg 478w, https:\/\/xn--gynkologie-pempelfort-71b.at\/wp-content\/uploads\/2022\/02\/pg-u-uebermich-e3-b1-NEU-296x300.jpg 296w, https:\/\/xn--gynkologie-pempelfort-71b.at\/wp-content\/uploads\/2022\/02\/pg-u-uebermich-e3-b1-NEU-80x80.jpg 80w\" sizes=\"auto, (max-width: 478px) 100vw, 478px\" \/><\/a>\n\t\t<\/figure>\n\t<\/div>\n<\/div><\/div><\/div><div class=\"wpb_column vc_column_container vc_col-sm-6\"><div class=\"vc_column-inner vc_custom_1638197949013\"><div class=\"wpb_wrapper\"><h4 style=\"color: __USE_THEME_MAIN_COLOR__;text-align: left;font-family:Josefin Sans;font-weight:400;font-style:normal\" class=\"vc_custom_heading vc_do_custom_heading float-container\" >Work experience and additional training<\/h4>\n\t<div class=\"wpb_raw_code wpb_raw_html wpb_content_element\" >\n\t\t<div class=\"wpb_wrapper\">\n\t\t\t<img decoding=\"async\" src=\"\/wp-content\/uploads\/2022\/02\/platzhalter-22.png\"\/>\n\t\t<\/div>\n\t<\/div>\n\n\t<div class=\"wpb_text_column wpb_content_element float-container\" >\n\t\t<div class=\"wpb_wrapper\">\n\t\t\t<p>\u2022 Medical studies and dissertation in 2008 at the Medical University of Vienna<\/p>\n<p>\u2022 2008-2011: Training as a general practitioner at G\u00f6ttlicher Heiland Hospital, St. Anna Children's Hospital and Barmherzige Br\u00fcder Hospital in Vienna<\/p>\n<p>\u2022 2011-2016: Specialist training in gynecology and obstetrics at the Main Hospital in Villach under the supervision of Prim. Prof Dr J\u00f6rg Keckstein<\/p>\n<p>\u2022 2016-2017: Specialist with focus on surgical gynecology at the Endometriosis Centre Level III and Breast Centre at the Main Hospital in Villach<\/p>\n<p>\u2022 Since 2017: Senior Physician at the Department of Gynecology and Obstetrics, Endometriosis Centre Level III, Ottakring Breast Centre Clinic, Vienna<\/p>\n<p>\u2022 Member of the Austrian Society of Gynecology and Obstetrics<\/p>\n<p>\u2022 Member of the Austrian Society of Fertility and Endocrinology<\/p>\n<p>\u2022 Co-Chair of the Endometriosis Centre at the Klinik Ottakring , Vienna<\/p>\n<p>\u2022 Lecturer at the Sigmund Freud Medical University Vienna SFU<\/p>\n<p>\u2022 10\/2022: Winner of the District Medical Award for special achievements in the field of health care<\/p>\n\n\t\t<\/div>\n\t<\/div>\n<\/div><\/div><\/div><\/div><\/div><\/div><\/div><\/div><div class=\"vc_row wpb_row vc_row-fluid mobile-margin-1 desktop-bottom-margin\"><div class=\"wpb_column vc_column_container vc_col-sm-12\"><div class=\"vc_column-inner\"><div class=\"wpb_wrapper\"><div class=\"vc_row wpb_row vc_inner vc_row-fluid vc_row-o-equal-height vc_row-o-content-middle vc_row-flex\"><div class=\"wpb_column vc_column_container vc_col-sm-6\"><div class=\"vc_column-inner vc_custom_1638198062691\"><div class=\"wpb_wrapper\"><h4 style=\"color: __USE_THEME_MAIN_COLOR__;text-align: left;font-family:Josefin Sans;font-weight:400;font-style:normal\" class=\"vc_custom_heading vc_do_custom_heading float-container\" >Diplomas and Certificates<\/h4>\n\t<div class=\"wpb_raw_code wpb_raw_html wpb_content_element\" >\n\t\t<div class=\"wpb_wrapper\">\n\t\t\t<img decoding=\"async\" src=\"\/wp-content\/uploads\/2022\/02\/platzhalter-22.png\"\/>\n\t\t<\/div>\n\t<\/div>\n\n\t<div class=\"wpb_text_column wpb_content_element float-container mobile-margin-1\" >\n\t\t<div class=\"wpb_wrapper\">\n\t\t\t<p>\u2022 Colposcopy Diploma<\/p>\n<p>\u2022 Certified exam at the 13th AGO\/OEGGG Seminar<\/p>\n<p>\u2022 Doppler Sonography of the Fetomaternal Vascular System<\/p>\n<p>\u2022 Implants and meshes in oncological breast surgery<\/p>\n<p>\u2022 Emergency Doctor Diploma<\/p>\n<p>\u2022 ILS Provider<\/p>\n<p>\u2022 ILS Provider<\/p>\n\n\t\t<\/div>\n\t<\/div>\n<\/div><\/div><\/div><div class=\"wpb_column vc_column_container vc_col-sm-6\"><div class=\"vc_column-inner\"><div class=\"wpb_wrapper\">\n\t<div  class=\"wpb_single_image wpb_content_element vc_align_right wpb_content_element wpb_animate_when_almost_visible wpb_fadeInUp fadeInUp  mobile-margin-1\">\n\t\t\n\t\t<figure class=\"wpb_wrapper vc_figure\">\n\t\t\t<a class=\"\" data-lightbox=\"lightbox[rel-10188-3616158028]\" href=\"https:\/\/xn--gynkologie-pempelfort-71b.at\/wp-content\/uploads\/2022\/02\/Wichtig-DFPDiplomdruck-neu-1024x724.jpg\" target=\"_self\"><img loading=\"lazy\" decoding=\"async\" width=\"1920\" height=\"1357\" src=\"https:\/\/xn--gynkologie-pempelfort-71b.at\/wp-content\/uploads\/2022\/02\/Wichtig-DFPDiplomdruck-neu.jpg\" class=\"vc_single_image-img attachment-full\" alt=\"\" title=\"Wichtig - DFPDiplomdruck-neu\" srcset=\"https:\/\/xn--gynkologie-pempelfort-71b.at\/wp-content\/uploads\/2022\/02\/Wichtig-DFPDiplomdruck-neu.jpg 1920w, https:\/\/xn--gynkologie-pempelfort-71b.at\/wp-content\/uploads\/2022\/02\/Wichtig-DFPDiplomdruck-neu-300x212.jpg 300w, https:\/\/xn--gynkologie-pempelfort-71b.at\/wp-content\/uploads\/2022\/02\/Wichtig-DFPDiplomdruck-neu-1024x724.jpg 1024w, https:\/\/xn--gynkologie-pempelfort-71b.at\/wp-content\/uploads\/2022\/02\/Wichtig-DFPDiplomdruck-neu-768x543.jpg 768w, https:\/\/xn--gynkologie-pempelfort-71b.at\/wp-content\/uploads\/2022\/02\/Wichtig-DFPDiplomdruck-neu-1536x1086.jpg 1536w\" sizes=\"auto, (max-width: 1920px) 100vw, 1920px\" \/><\/a>\n\t\t<\/figure>\n\t<\/div>\n<\/div><\/div><\/div><\/div><\/div><\/div><\/div><\/div><div class=\"vc_row wpb_row vc_row-fluid vc_custom_1648609152620\"><div class=\"wpb_column vc_column_container vc_col-sm-12\"><div class=\"vc_column-inner\"><div class=\"wpb_wrapper\"><div class=\"vc_row wpb_row vc_inner vc_row-fluid vc_row-o-equal-height vc_row-o-content-middle vc_row-flex\"><div class=\"wpb_column vc_column_container vc_col-sm-6\"><div class=\"vc_column-inner\"><div class=\"wpb_wrapper\">\n\t<div  class=\"wpb_single_image wpb_content_element vc_align_right wpb_content_element wpb_animate_when_almost_visible wpb_fadeInUp fadeInUp  mobile-margin-1\">\n\t\t\n\t\t<figure class=\"wpb_wrapper vc_figure\">\n\t\t\t<a class=\"\" data-lightbox=\"lightbox[rel-10188-1837853632]\" href=\"https:\/\/xn--gynkologie-pempelfort-71b.at\/wp-content\/uploads\/2022\/02\/httpseventi.tecnomedit.itendometriosis2021BackofficePublicattestatiATTESTATO_CONGRESSO_spempelforthotmailcom.pdf-738x1024.jpg\" target=\"_self\"><img decoding=\"async\" class=\"vc_single_image-img\" src=\"https:\/\/xn--gynkologie-pempelfort-71b.at\/wp-content\/uploads\/2022\/02\/httpseventi.tecnomedit.itendometriosis2021BackofficePublicattestatiATTESTATO_CONGRESSO_spempelforthotmailcom.pdf-478x485.jpg\" width=\"478\" height=\"485\" alt=\"httpseventi.tecnomedit.itendometriosis2021BackofficePublicattestatiATTESTATO_CONGRESSO_spempelforthotmailcom.pdf\" title=\"httpseventi.tecnomedit.itendometriosis2021BackofficePublicattestatiATTESTATO_CONGRESSO_spempelforthotmailcom.pdf\" loading=\"lazy\" \/><\/a>\n\t\t<\/figure>\n\t<\/div>\n<\/div><\/div><\/div><div class=\"wpb_column vc_column_container vc_col-sm-6\"><div class=\"vc_column-inner vc_custom_1638197949013\"><div class=\"wpb_wrapper\"><h4 style=\"color: __USE_THEME_MAIN_COLOR__;text-align: left;font-family:Josefin Sans;font-weight:400;font-style:normal\" class=\"vc_custom_heading vc_do_custom_heading float-container\" >International Work Experience<\/h4>\n\t<div class=\"wpb_raw_code wpb_raw_html wpb_content_element\" >\n\t\t<div class=\"wpb_wrapper\">\n\t\t\t<img decoding=\"async\" src=\"\/wp-content\/uploads\/2022\/02\/platzhalter-22.png\"\/>\n\t\t<\/div>\n\t<\/div>\n\n\t<div class=\"wpb_text_column wpb_content_element float-container\" >\n\t\t<div class=\"wpb_wrapper\">\n\t\t\t<p>\u2022 Brazil, Campinas 'Plastic and Reconstructive Surgery<\/p>\n<p>\u2022 Germany, Helios Klinikum Berlin-Buch with Prof. Untch, Breast Centre Gynecological Surgery Unit, Interdisciplinary Tumor Boards, Study Centre<\/p>\n<p>\u2022 Switzerland, Lachen Hospital, Gynecological-OR Unit<\/p>\n\n\t\t<\/div>\n\t<\/div>\n<h4 style=\"color: __USE_THEME_MAIN_COLOR__;text-align: left;font-family:Josefin Sans;font-weight:400;font-style:normal\" class=\"vc_custom_heading vc_do_custom_heading float-container\" >Languages spoken<\/h4>\n\t<div class=\"wpb_raw_code wpb_raw_html wpb_content_element\" >\n\t\t<div class=\"wpb_wrapper\">\n\t\t\t<img decoding=\"async\" src=\"\/wp-content\/uploads\/2022\/02\/platzhalter-22.png\"\/>\n\t\t<\/div>\n\t<\/div>\n\n\t<div class=\"wpb_text_column wpb_content_element float-container\" >\n\t\t<div class=\"wpb_wrapper\">\n\t\t\t<p>I offer in my practice the best medical care in the following languages: English, German, Serbian  Bosnian, Croatian<\/p>\n\n\t\t<\/div>\n\t<\/div>\n<\/div><\/div><\/div><\/div><\/div><\/div><\/div><\/div><div class=\"vc_row wpb_row vc_row-fluid desktop-bottom-margin mobile-no-margin-1\"><div class=\"wpb_column vc_column_container vc_col-sm-6\"><div class=\"vc_column-inner\"><div class=\"wpb_wrapper\"><h4 style=\"color: __USE_THEME_MAIN_COLOR__;text-align: left;font-family:Josefin Sans;font-weight:400;font-style:normal\" class=\"vc_custom_heading vc_do_custom_heading float-container\" >Other certificates<\/h4>\n\t<div class=\"wpb_raw_code wpb_raw_html wpb_content_element\" >\n\t\t<div class=\"wpb_wrapper\">\n\t\t\t<img decoding=\"async\" src=\"\/wp-content\/uploads\/2022\/02\/platzhalter-22.png\"\/>\n\t\t<\/div>\n\t<\/div>\n<\/div><\/div><\/div><div class=\"wpb_column vc_column_container vc_col-sm-6\"><div class=\"vc_column-inner\"><div class=\"wpb_wrapper\"><\/div><\/div><\/div><\/div><div class=\"vc_row wpb_row vc_row-fluid vc_custom_1643715426342\"><div class=\"wpb_column vc_column_container vc_col-sm-12\"><div class=\"vc_column-inner\"><div class=\"wpb_wrapper\"><div class=\"vc_row wpb_row vc_inner vc_row-fluid vc_custom_1643715441506\"><div class=\"wpb_column vc_column_container vc_col-sm-12\"><div class=\"vc_column-inner\"><div class=\"wpb_wrapper\">\n\t<div class=\"wpb_text_column wpb_content_element\" >\n\t\t<div class=\"wpb_wrapper\">\n\t\t\t<p>[ngg src=&#8220;galleries&#8220; ids=&#8220;5&#8243; display=&#8220;basic_thumbnail&#8220; thumbnail_crop=&#8220;0&#8243;]<\/p>\n\n\t\t<\/div>\n\t<\/div>\n<\/div><\/div><\/div><\/div><\/div><\/div><\/div><\/div>\n<\/div>","protected":false},"excerpt":{"rendered":"Dr. Sara Dunja PempelfortIhr Wohlbefinden liegt mir am Herzen Teenager F\u00fcr junge Patientinnen bin ich eine Vertrauensperson, mit der sie alle Fragen besprechen k\u00f6nnen. Erwachsene Frauen Ich berate Sie zu Themen wie Verh\u00fctung und Kinderwunsch und f\u00fchre Routineuntersuchungen durch. Die Wechseljahre Ich begleite Sie durch diese herausfordernde Zeit der wechselhaften Gef\u00fchle und unerwarteten Beschwerden. Berufserfahrung [...]","protected":false},"author":3,"featured_media":0,"parent":0,"menu_order":0,"comment_status":"closed","ping_status":"closed","template":"page.php","meta":{"inline_featured_image":false,"footnotes":""},"class_list":["post-10188","page","type-page","status-publish","hentry"],"_links":{"self":[{"href":"https:\/\/xn--gynkologie-pempelfort-71b.at\/en\/wp-json\/wp\/v2\/pages\/10188","targetHints":{"allow":["GET"]}}],"collection":[{"href":"https:\/\/xn--gynkologie-pempelfort-71b.at\/en\/wp-json\/wp\/v2\/pages"}],"about":[{"href":"https:\/\/xn--gynkologie-pempelfort-71b.at\/en\/wp-json\/wp\/v2\/types\/page"}],"author":[{"embeddable":true,"href":"https:\/\/xn--gynkologie-pempelfort-71b.at\/en\/wp-json\/wp\/v2\/users\/3"}],"replies":[{"embeddable":true,"href":"https:\/\/xn--gynkologie-pempelfort-71b.at\/en\/wp-json\/wp\/v2\/comments?post=10188"}],"version-history":[{"count":128,"href":"https:\/\/xn--gynkologie-pempelfort-71b.at\/en\/wp-json\/wp\/v2\/pages\/10188\/revisions"}],"predecessor-version":[{"id":12683,"href":"https:\/\/xn--gynkologie-pempelfort-71b.at\/en\/wp-json\/wp\/v2\/pages\/10188\/revisions\/12683"}],"wp:attachment":[{"href":"https:\/\/xn--gynkologie-pempelfort-71b.at\/en\/wp-json\/wp\/v2\/media?parent=10188"}],"curies":[{"name":"wp","href":"https:\/\/api.w.org\/{rel}","templated":true}]}}