{"id":11743,"date":"2021-11-29T11:45:43","date_gmt":"2021-11-29T11:45:43","guid":{"rendered":"https:\/\/gynkologie-pempelfortat.dev4.braundata.com\/?page_id=11743"},"modified":"2022-03-14T14:19:00","modified_gmt":"2022-03-14T14:19:00","slug":"impressum","status":"publish","type":"page","link":"https:\/\/xn--gynkologie-pempelfort-71b.at\/en\/impressum\/","title":{"rendered":"Imprint"},"content":{"rendered":"<div class=\"wpb-content-wrapper\"><div class=\"vc_row wpb_row vc_row-fluid vc_custom_1638186410005\"><div class=\"wpb_column vc_column_container vc_col-sm-12\"><div class=\"vc_column-inner\"><div class=\"wpb_wrapper\">\n\t<div class=\"wpb_text_column wpb_content_element\" >\n\t\t<div class=\"wpb_wrapper\">\n\t\t\t<h3 class=\"imp-header-all\">Angaben nach dem Unternehmensgesetzbuch (UGB) und Gewerbeordnung (GewO)<\/h3>\n<p class=\"imp-paragraph\">Dr Sara Dunja Pempelfort<br \/>\nSchaumburgergasse 1.01<br \/>\n1040 Vienna<\/p>\n<h3 class=\"imp-header-all\">Zus\u00e4tzliche Informationspflichten nach dem E-Commerce-Gesetz<\/h3>\n<p class=\"imp-paragraph\">Dr Sara Dunja Pempelfort<br \/>\nTelefon: +43 676 492 44 84<br \/>\nE-Mail: <a href=\"\/en\/office@gyn\u00e4kologie-pempelfort.at\/\">office@gyn\u00e4kologie-pempelfort.at<\/a><br \/>\nInternet: <a href=\"https:\/\/gyn\u00e4kologie-pempelfort.at\">https:\/\/gyn\u00e4kologie-pempelfort.at<\/a><\/p>\n<p class=\"imp-paragraph\">Kammer\/Berufsverband: Mitglied der \u00f6sterreichischen \u00c4rztekammer<\/p>\n<p class=\"imp-paragraph\">Berufsbezeichnung:<br \/>\nFach\u00e4rztin f\u00fcr Gyn\u00e4kologie und Geburtshilfe<\/p>\n<p class=\"imp-paragraph\">Verleihungsstaat: \u00d6sterreich<\/p>\n<p class=\"imp-paragraph\">anwendbare Rechtsvorschriften und Zugang dazu: Gewerbeordnung: <a href=\"https:\/\/www.ris.bka.gv.at\" target=\"_blank\" rel=\"noopener\">www.ris.bka.gv.at<\/a><\/p>\n<p class=\"imp-paragraph\">UID-Nr.: ATU62769347<\/p>\n<h3 class=\"imp-header-all\">Zus\u00e4tzliche Informationspflichten nach dem Mediengesetz<\/h3>\n<p class=\"imp-paragraph\">Medieninhaber:<br \/>\nDr Sara Dunja Pempelfort<br \/>\nSchaumburgergasse 1.01<br \/>\n1040 Vienna<\/p>\n<p class=\"imp-paragraph\">Unternehmensgegenstand: Fach\u00e4rztin f\u00fcr Gyn\u00e4kologie und Geburtshilfe<\/p>\n<h3 class=\"imp-header-all\">Disclaimer \/Haftungsausschluss<\/h3>\n<p class=\"imp-paragraph\"><b>Haftung fu\u0308r Inhalte<\/b><\/p>\n<p class=\"imp-paragraph\">Die Inhalte dieser Website werden mit gro\u0308\u00dftmo\u0308glicher Sorgfalt erstellt. Fu\u0308r die Richtigkeit, Vollsta\u0308ndigkeit und Aktualita\u0308t der bereitgestellten Inhalte wird jedoch keine Gewa\u0308hr u\u0308bernommen; Schadenersatzanspru\u0308che aufgrund der Nutzung sind grundsa\u0308tzlich ausgeschlossen. Die Nutzung der Inhalte der Website erfolgt auf eigene Gefahr des Nutzers. Namentlich gekennzeichnete Beitra\u0308ge geben ausschlie\u00dflich die Meinung des jeweiligen Autors wieder. Mit der reinen Nutzung der Website des Anbieters kommt keinerlei Vertragsverha\u0308ltnis zustande. Alle Angebote sind freibleibend und unverbindlich.<\/p>\n<p class=\"imp-paragraph\"><b>Externe Links<\/b><\/p>\n<p class=\"imp-paragraph\">Diese Website entha\u0308lt Verknu\u0308pfungen zu Websites Dritter (&#8222;externe Links&#8220;). Fu\u0308r die Inhalte dieser Websites wird keine Verantwortung u\u0308bernommen, zumal es sich hierbei nicht um von uns bereitgestellte Inhalte handelt. Diese Websites unterliegen nicht unserer Haftung, sondern jener der jeweiligen Betreiber. Bei der erstmaligen Verknu\u0308pfung der externen Links wurden die Inhalte der fremden Websites daraufhin u\u0308berpru\u0308ft, ob etwaige Rechtsversto\u0308\u00dfe bestehen. Zu diesem Zeitpunkt waren keine Rechtsversto\u0308\u00dfe ersichtlich. Wir haben keinerlei Einfluss auf die aktuelle und zuku\u0308nftige Gestaltung und auf die Inhalte der verknu\u0308pften Websites Dritter. Eine sta\u0308ndige Kontrolle der externen Links ist uns ohne konkrete Hinweise auf Rechtsversto\u0308\u00dfe auch nicht zumutbar. Bei Kenntnis von Rechtsversto\u0308\u00dfen werden jedoch derartige externe Links unverzu\u0308glich gelo\u0308scht.<\/p>\n<p class=\"imp-paragraph\"><b>Urheberrecht<\/b><\/p>\n<p class=\"imp-paragraph\">Die auf dieser Website vero\u0308ffentlichten Inhalte (Bilder, Grafiken, Tondokumente, Texte usw.) unterliegen dem o\u0308sterreichischen Urheber- und Leistungsschutzrecht. Alle Marken- und Warenzeichen unterliegen dem jeweils gu\u0308ltigen Kennzeichenrecht. Jede vom o\u0308sterreichischen Urheber- und Leistungsschutzrecht nicht als freie Werknutzung zugelassene Verwertung dieser Inhalte bedarf unserer vorherigen schriftlichen Zustimmung. Dies gilt insbesondere fu\u0308r Vervielfa\u0308ltigung, Bearbeitung, A\u0308nderung, U\u0308bersetzung, Einspeicherung, Verarbeitung bzw. Wiedergabe von Inhalten in Datenbanken oder anderen elektronischen Medien und Systemen. Inhalte und Rechte Dritter sind dabei als solche gekennzeichnet. Die unerlaubte Vervielfa\u0308ltigung oder Weitergabe einzelner Inhalte oder kompletter Seiten ist nicht gestattet und strafbar.<\/p>\n<h3 class=\"imp-header-all\">Hinweis auf die Online-Streitbeilegungsstelle nach Art 14 ODR- Verordnung<\/h3>\n<p class=\"imp-paragraph\">Wenn Sie Verbraucher sind, haben Sie die Mo\u0308glichkeit, Beschwerden an die Online- Streitbeilegungsplattform der EU zu richten: <a href=\"http:\/\/ec.europa.eu\/odr\" target=\"_blank\" rel=\"noopener\">http:\/\/ec.europa.eu\/odr<\/a>. Daru\u0308ber hinaus ko\u0308nnen Sie Ihre Beschwerde auch bei uns unter folgender E-Mail- Adresse einbringen: <a href=\"\/en\/office@gyn\u00e4kologie-pempelfort.at\/\">office@gyn\u00e4kologie-pempelfort.at<\/a><\/p>\n\n\t\t<\/div>\n\t<\/div>\n<\/div><\/div><\/div><\/div>\n<\/div>","protected":false},"excerpt":{"rendered":"Angaben nach dem Unternehmensgesetzbuch (UGB) und Gewerbeordnung (GewO) Dr. Sara Dunja Pempelfort Schaumburgergasse 1.01 1040 Wien Zus\u00e4tzliche Informationspflichten nach dem E-Commerce-Gesetz Dr. Sara Dunja Pempelfort Telefon: +43 676 492 44 84 E-Mail: office@gyn\u00e4kologie-pempelfort.at Internet: https:\/\/gyn\u00e4kologie-pempelfort.at Kammer\/Berufsverband: Mitglied der \u00f6sterreichischen \u00c4rztekammer Berufsbezeichnung: Fach\u00e4rztin f\u00fcr Gyn\u00e4kologie und Geburtshilfe Verleihungsstaat: \u00d6sterreich anwendbare Rechtsvorschriften und Zugang dazu: Gewerbeordnung: www.ris.bka.gv.at [...]","protected":false},"author":3,"featured_media":0,"parent":0,"menu_order":0,"comment_status":"closed","ping_status":"closed","template":"one-page-template.php","meta":{"inline_featured_image":false,"footnotes":""},"class_list":["post-11743","page","type-page","status-publish","hentry"],"_links":{"self":[{"href":"https:\/\/xn--gynkologie-pempelfort-71b.at\/en\/wp-json\/wp\/v2\/pages\/11743","targetHints":{"allow":["GET"]}}],"collection":[{"href":"https:\/\/xn--gynkologie-pempelfort-71b.at\/en\/wp-json\/wp\/v2\/pages"}],"about":[{"href":"https:\/\/xn--gynkologie-pempelfort-71b.at\/en\/wp-json\/wp\/v2\/types\/page"}],"author":[{"embeddable":true,"href":"https:\/\/xn--gynkologie-pempelfort-71b.at\/en\/wp-json\/wp\/v2\/users\/3"}],"replies":[{"embeddable":true,"href":"https:\/\/xn--gynkologie-pempelfort-71b.at\/en\/wp-json\/wp\/v2\/comments?post=11743"}],"version-history":[{"count":6,"href":"https:\/\/xn--gynkologie-pempelfort-71b.at\/en\/wp-json\/wp\/v2\/pages\/11743\/revisions"}],"predecessor-version":[{"id":12528,"href":"https:\/\/xn--gynkologie-pempelfort-71b.at\/en\/wp-json\/wp\/v2\/pages\/11743\/revisions\/12528"}],"wp:attachment":[{"href":"https:\/\/xn--gynkologie-pempelfort-71b.at\/en\/wp-json\/wp\/v2\/media?parent=11743"}],"curies":[{"name":"wp","href":"https:\/\/api.w.org\/{rel}","templated":true}]}}