{"id":11747,"date":"2021-11-29T11:47:38","date_gmt":"2021-11-29T11:47:38","guid":{"rendered":"https:\/\/gynkologie-pempelfortat.dev4.braundata.com\/?page_id=11747"},"modified":"2022-03-14T14:19:48","modified_gmt":"2022-03-14T14:19:48","slug":"datenschutzerklaerung","status":"publish","type":"page","link":"https:\/\/xn--gynkologie-pempelfort-71b.at\/en\/datenschutzerklaerung\/","title":{"rendered":"Privacy Policy"},"content":{"rendered":"<div class=\"wpb-content-wrapper\"><div class=\"vc_row wpb_row vc_row-fluid vc_custom_1638186512452\"><div class=\"wpb_column vc_column_container vc_col-sm-12\"><div class=\"vc_column-inner\"><div class=\"wpb_wrapper\">\n\t<div class=\"wpb_text_column wpb_content_element\" >\n\t\t<div class=\"wpb_wrapper\">\n\t\t\t<h3 class=\"ds-header-all ds-header-1\">Hinweis zur verantwortlichen Stelle<\/h3>\n<p class=\"ds-paragraph\">Verantwortlich f\u00fcr die Datenverarbeitung auf dieser Website ist:<br \/>\nDr Sara Dunja Pempelfort<br \/>\nSchaumburgergasse 1.01<br \/>\n1040 Vienna<br \/>\n+43 676 492 44 84<br \/>\n<a href=\"mailto:office@gyn\u00e4kologie-pempelfort.at\">office@gyn\u00e4kologie-pempelfort.at<\/a><br \/>\n<a href=\"https:\/\/gyn\u00e4kologie-pempelfort.at\">https:\/\/gyn\u00e4kologie-pempelfort.at<\/a><\/p>\n<h3 class=\"ds-header-all ds-header-1\">1. Allgemeine Hinweise zum Datenschutz<\/h3>\n<p class=\"ds-paragraph\">Der Schutz Ihrer personenbezogenen Daten ist uns ein besonderes Anliegen. Aus diesem Grund verarbeiten wir Ihre Daten ausschlie\u00dflich auf Grundlage der einschl\u00e4gigen gesetzlichen Bestimmungen der DSGVO, des DSG&nbsp;2000 und des TKG&nbsp;2003.<\/p>\n<h3 class=\"ds-header-all ds-header-1\">2. Personenbezogene Daten<\/h3>\n<p class=\"ds-paragraph\">Personenbezogene Daten sind alle Informationen, mit denen Sie pers\u00f6nlich identifiziert werden k\u00f6nnen oder die Sie identifizierbar machen. Unter personenbezogene Daten fallen etwa der Name, das Geburtsdatum, das Geschlecht, die Adresse, die Telefonnummer, die E-Mail-Adresse etc..<\/p>\n<h3 class=\"ds-header-all ds-header-1\">3. Erhebung und Verarbeitung personenbezogener Daten<\/h3>\n<div class=\"ds-wrapper\">\n<h3 class=\"ds-header-all ds-header-2\">3.1. Allgemeines<\/h3>\n<p class=\"ds-paragraph\">Ihre personenbezogenen Daten werden von uns nur dann verarbeitet, wenn entweder die Speicherung der Daten aus technischen Gr\u00fcnden notwendig ist (berechtigtes Interesse) oder Sie uns diese Daten f\u00fcr bestimmte Zwecke freiwillig mitteilen (Datenmitteilung). Folgende personenbezogene Daten werden von uns bei einer Datenmitteilung verwendet (sofern uns diese Daten zur Verf\u00fcgung gestellt werden): Vorname, Nachname, Adresse, Geburtsdatum, Geschlecht, Telefonnummer, E-Mail-Adresse, Zahlungsdaten, Bestelldaten. Die von Ihnen angegebenen personenbezogenen Daten werden ausschlie\u00dflich soweit verwendet, als es zur Erf\u00fcllung des jeweiligen Zwecks erforderlich ist und\/oder dies gesetzlich notwendig bzw. erlaubt ist.<\/p>\n<h3 class=\"ds-header-all ds-header-2\">3.2. Verwendung der Daten<\/h3>\n<p class=\"ds-paragraph\">Im Nachfolgenden erhalten Sie einen \u00dcberblick dar\u00fcber, was mit Ihren personenbezogenen Daten beim Besuch unserer Website passiert, sowie \u00fcber die wichtigsten Aspekte der Datenverarbeitung im Rahmen unserer Website.<\/p>\n<div class=\"ds-wrapper\">\n<h3 class=\"ds-header-all ds-header-3\">3.2.1. Aufruf unserer Website<\/h3>\n<p class=\"ds-paragraph\">Unsere Website erfasst bei jedem Abruf der Internetseite (i) die IP-Adresse, (ii) den Beginn und Ende der Sitzung f\u00fcr die Dauer der Sitzung, (iii) den verwendeten Browser und dessen Version, (iv) das Betriebssystem, \u00fcber das ein Zugriff erfolgt, (v) eine allf\u00e4llige Referrer-Seite, (vi) Ihren Internet-Provider und (vii) \u00e4hnliche Daten\/Informationen, die f\u00fcr eine entsprechende Aufrechterhaltung der Website notwendig sind (insbesondere solche, die zur Abwehr von Hackerangriffen erforderlich sind).<br \/>\nDie Speicherung der Daten ist in einem solchen Fall technisch bedingt und damit auch datenschutzkonform (berechtigtes Interesse). Diese Daten werden von uns nicht weiterverarbeitet, soweit im Nachfolgenden nichts Anderes geregelt ist.<br \/>\nWir nutzen Ihre Daten auch, um Fehler auf unserer Website zu beheben, die Benutzerfreundlichkeit zu erh\u00f6hen und um die Effektivit\u00e4t unserer Leistungen zu verbessern.<\/p>\n<h3 class=\"ds-header-all ds-header-3\">3.2.2. Kontaktaufnahme<\/h3>\n<p class=\"ds-paragraph\">Wenn Sie mit uns Kontakt \u00fcber das daf\u00fcr vorgesehene Formular auf unserer Website, per E-Mail, telefonisch, postalisch oder \u00fcber andere Ferntelekommunikationmittel aufnehmen, werden Ihre angegebenen Daten f\u00fcr die Bearbeitung Ihrer Anfrage und f\u00fcr allf\u00e4llige Anschlussfragen 12 Monate bei uns gespeichert. Diese Daten werden ohne Ihre Einwilligung nicht weitergegeben.<\/p>\n<h3 class=\"ds-header-all ds-header-3\">3.2.3. Registrierung und Kundenprofil<\/h3>\n<p class=\"ds-paragraph\">Bei Registrierung und\/oder Anlegung eines Kundenprofils liegt der Zweck der Verarbeitung Ihrer personenbezogenen Daten (i) im technischen Betrieb unserer Website, (ii) in der Verwaltung Ihres Profils, (iii) in der Abwicklung von Bestellvorg\u00e4ngen (das beinhaltet insbesondere Auftrags- und Zahlungsabwicklungen sowie allf\u00e4llige Bonit\u00e4tspr\u00fcfungen), (iv) f\u00fcr Werbung von Produkten, die Sie interessieren k\u00f6nnten und (v) der laufenden Information \u00fcber aktuelle Aktionen (z.B. per Newsletter oder E-Mail). Bei Bestellungen \u00fcber unseren Webshop ist die Verarbeitung Ihrer Nutzerdaten zudem f\u00fcr die Vertragserf\u00fcllung bzw. zur Durchf\u00fchrung vorvertraglicher Ma\u00dfnahmen (z.B. f\u00fcr Bonit\u00e4tspr\u00fcfungen) erforderlich.<\/p>\n<p class=\"ds-paragraph\">Sie k\u00f6nnen der Verwendung Ihrer personenbezogenen Daten f\u00fcr Werbezwecke jederzeit unter <a href=\"mailto:office@gyn\u00e4kologie-pempelfort.at\">office@gyn\u00e4kologie-pempelfort.at<\/a> widersprechen.<\/p>\n<h3 class=\"ds-header-all ds-header-3\">3.2.4. Newsletter<\/h3>\n<p class=\"ds-paragraph\">Werbliche Informationen (Newsletter, E-Mails etc.) erhalten Sie von uns nur mir Ihrer Einwilligung oder aufgrund einer gesetzlichen Erlaubnis. Im Rahmen der Newsletter-Anmeldung setzen wir das sogenannte Double-Opt-In-Verfahren ein: Nach Anmeldung erhalten Sie zun\u00e4chst eine E-Mail an die von Ihnen angegebene E-Mail-Adresse. Erst nach Best\u00e4tigung dieser E-Mail (zB durch Anklicken eines Best\u00e4tigungslinks) wird Ihre Anmeldung wirksam. Die Anmeldung wird von uns protokolliert, um unseren Nachweispflichten nachkommen zu k\u00f6nnen (insbesondere Ihre Email-Adresse und der Anmeldezeitpunkt).<\/p>\n<p class=\"ds-paragraph\">Wenn Sie keinen Newsletter mehr von uns erhalten m\u00f6chten, k\u00f6nnen Sie sich jederzeit mittels Klick auf den Abmeldelink im Newsletter oder direkt im Kundenkonto abmelden.<\/p>\n<h3 class=\"ds-header-all ds-header-3\">3.2.5. Werbung, Markt- und Meinungsforschung<\/h3>\n<p class=\"ds-paragraph\">Ihre personenbezogenen Daten werden ausschlie\u00dflich dann f\u00fcr produktspezifische Umfragen und Marketingaktivit\u00e4ten verwendet, wenn Sie vorab Ihre Zustimmung dazu erteilen oder wenn es gesetzliche Bestimmungen erlauben und Sie keinen Einwand dagegen erhoben haben. Die Verwendung Ihrer Daten f\u00fcr Zwecke der Werbung, Markt- und Meinungsforschung erfolgt in Entsprechung der gesetzlichen Vorschriften.<\/p>\n<\/div>\n<\/div>\n<h3 class=\"ds-header-all ds-header-1\">4. Datensicherheit<\/h3>\n<p class=\"ds-paragraph\">Wir setzen technische und organisatorische Sicherheitsma\u00dfnahmen ein, um Ihre Daten gegen unerlaubtem, rechtswidrigem oder zuf\u00e4lligem Zugriff, Verlust, Verarbeitung, Verwendung und Manipulation zu sch\u00fctzen. Ihre Daten werden durch einen sicheren Server gesch\u00fctzt.<\/p>\n<p class=\"ds-paragraph\">Unsere Sicherheitsma\u00dfnahmen werden zum Schutz Ihrer Daten laufend verbessert. Ungeachtet unserer Sicherheitsvorkehrungen k\u00f6nnen rechtswidrige Eingriffe durch Dritte (durch Schadsoftware, Hacking, Abfangen von Faxen etc.) nicht g\u00e4nzlich ausgeschlossen werden. Wir \u00fcbernehmen aus diesem Grund keine Haftung f\u00fcr die Offenlegung von Informationen aufgrund nicht von uns verursachter Fehler bei der Daten\u00fcbertragung und\/oder bei rechtswidrigem Zugriff auf Daten durch Dritte.<\/p>\n<h3 class=\"ds-header-all ds-header-1\">5. Weitergabe von Daten an Dritte und \u00dcbermittlung von Daten ins Ausland<\/h3>\n<p class=\"ds-paragraph\">Die Weitergabe Ihrer personenbezogenen Daten an Dritte erfolgt ausschlie\u00dflich im Einklang mit datenschutzrechtlichen Bestimmungen, n\u00e4mlich, wenn Sie der Weiterleitung Ihrer Daten zugestimmt haben oder dies zur Vertragsabwicklung notwendig ist oder zur Erf\u00fcllung gesetzlicher Verpflichtungen. Eine Weitergabe Ihrer Daten kann auch zum Zwecke der Vorbeugung von Missbrauchsf\u00e4llen (z.B. Kreditkartenmissbrauch) notwendig sein. Die von uns eingesetzten Dienstleister erhalten Ihre personenbezogenen Daten nur, um die mit Ihnen geschlossenen Vertr\u00e4ge abwickeln zu k\u00f6nnen. Unsere Dienstleister d\u00fcrfen Ihre Daten ausschlie\u00dflich zur Erf\u00fcllung ihrer Aufgabe verwenden. Wir stellen zudem sicher, dass sich unsere Dienstleister an datenschutzrechtliche Bestimmungen halten.<\/p>\n<p class=\"ds-paragraph\">Das Datenschutzniveau in Drittstaaten entspricht unter Umst\u00e4nden nicht jenem in \u00d6sterreich. Aus diesem Grund werden Ihre Daten an Drittl\u00e4nder nur dann \u00fcbermittelt, wenn die EU-Kommission entschieden hat, dass dieses Land \u00fcber ein angemessenes Datenschutzniveau verf\u00fcgt oder andere geeignete Datenschutzgarantien (wie von uns abgeschlossene Standardvertragsklauseln) vorhanden sind.<\/p>\n<p class=\"ds-paragraph\">Wird unser Unternehmen ganz oder teilweise an Dritte \u00fcbertragen, werden auch Ihre Daten mit\u00fcbertragen. Die Geltung der Datenschutzerkl\u00e4rung bleibt von solchen Vorg\u00e4ngen allerdings unber\u00fchrt.<\/p>\n<h3 class=\"ds-header-all ds-header-1\">6. L\u00f6schung personenbezogener Daten<\/h3>\n<p class=\"ds-paragraph\">Ihre personenbezogenen Daten werden von uns nicht l\u00e4nger aufbewahrt als dies zur Erf\u00fcllung unserer vertraglichen oder gesetzlichen Verpflichtungen, zur Abwehr allf\u00e4lliger Haftungsanspr\u00fcche und Beendigung allf\u00e4lliger Rechtsstreitigkeiten, bei denen die Daten als Beweis ben\u00f6tigt werden, notwendig ist. Bei Vertragsabschluss werden Ihre Daten bis zum Ablauf der steuerrechtlichen Aufbewahrungspflicht von sieben Jahren gespeichert. Name, Anschrift, bestellte Waren und Kaufdatum werden dar\u00fcber hinaus bis zum Ablauf von 10 Jahren nach Inverkehrbringen des Produkts gespeichert, um allf\u00e4llige Anspr\u00fcche nach dem Produhaftungsgesetz erf\u00fcllen zu k\u00f6nnen.<br \/>\nWenn Sie sich bei uns auf der Website registrieren und\/oder ein Kundenprofil anlegen und Sie personenbezogene Daten zur Verf\u00fcgung gestellt haben, speichern wir diese grunds\u00e4tzlich bis zum Ablauf von 3 Jahren nach Ihrem letzten Kontakt mit uns, es sei denn, Sie widerrufen Ihre Einwilligung vorher.<\/p>\n<h3 class=\"ds-header-all ds-header-1\">7. Bekanntgabe von Datenlecks<\/h3>\n<p class=\"ds-paragraph\">Wir sind stets bem\u00fcht, Datenlecks fr\u00fchzeitig zu erkennen. Allf\u00e4llige Datenpannen (Data-Breach) werden wir Ihnen und\/oder der zust\u00e4ndigen Aufsichtsbeh\u00f6rde unter Bekanntgabe der betroffenen Daten melden (Data-Breach-Notification).<\/p>\n<h3 class=\"ds-header-all ds-header-1\">8. Ihre Rechte<\/h3>\n<p class=\"ds-paragraph\">Ihnen stehen grunds\u00e4tzlich die Rechte auf Auskunft, Berichtigung, L\u00f6schung, Einschr\u00e4nkung, Daten\u00fcbertragbarkeit, Widerruf und Widerspruch zu. Bitte richten Sie Ihre diesbez\u00fcglichen Anfragen mit einem Nachweis Ihrer Identit\u00e4t per E-Mail oder per Post an die im Impressum angegebene Adresse. Nach Eingang Ihres Antrags m\u00fcssen wir dazu grunds\u00e4tzlich innerhalb eines Monats Stellung nehmen oder Ihrem Antrag entsprechen.<\/p>\n<p class=\"ds-paragraph\">Wenn Sie glauben, dass die Verarbeitung Ihrer Daten gegen das Datenschutzrecht verst\u00f6\u00dft oder Ihre datenschutzrechtlichen Anspr\u00fcche sonst in irgendeiner Weise verletzt worden sind, k\u00f6nnen Sie sich auch bei der zust\u00e4ndigen Aufsichtsbeh\u00f6rde beschweren; in \u00d6sterreich ist dies die Datenschutzbeh\u00f6rde, Barichgasse 40-42, 1030 Wien.<\/p>\n<h3 class=\"ds-header-all ds-header-1\">9. Widerspruchsrecht<\/h3>\n<p class=\"ds-paragraph\">Sie k\u00f6nnen der Verarbeitung Ihrer Daten f\u00fcr Zwecke der Direktwerbung jederzeit widersprechen.<\/p>\n<p class=\"ds-paragraph\">Sie haben dar\u00fcber hinaus auch das Recht, jeder weiteren Verarbeitung Ihrer personenbezogenen Daten zu widersprechen. In einem solchen Fall werden wir Ihre Daten nicht mehr verarbeiten, es sei denn, es liegen zwingende und schutzw\u00fcrdige Gr\u00fcnde f\u00fcr die Verarbeitung vor.<\/p>\n<p class=\"ds-paragraph\">Sie k\u00f6nnen Ihr Widerspruchsrecht auf unserer Homepage unter <a href=\"https:\/\/gyn\u00e4kologie-pempelfort.at\">https:\/\/gyn\u00e4kologie-pempelfort.at<\/a> oder per Telefon +43 676 492 44 84 oder mittels Schreiben an Schaumburgergasse 1.01, 1040 Wien aus\u00fcben.<\/p>\n<h3 class=\"ds-header-all ds-header-1\">10. Rechtliche Hinweise und Cookie-Informationen<\/h3>\n<div class=\"ds-wrapper\">\n<h3 class=\"ds-header-all ds-header-2\">10.1. Allgemeines<\/h3>\n<p class=\"ds-paragraph\">Mit Nutzung unserer Website akzeptieren Sie unsere Datenschutzerkl\u00e4rung und erkl\u00e4ren Ihr ausdr\u00fcckliches Einverst\u00e4ndnis zur Erhebung, Nutzung, Weitergabe, Speicherung und zum Schutz Ihrer personenbezogenen Daten nach Ma\u00dfgabe dieser Datenschutzerkl\u00e4rung und der datenschutzrechtlichen Bestimmungen.<\/p>\n<p class=\"ds-paragraph\">Wir bem\u00fchen uns stets um die Richtigkeit und Vollst\u00e4ndigkeit der Informationen auf unserer Website. Es kann dennoch zu ungewollten Fehlern kommen. Wir stellen auf unserer Website s\u00e4mtliche Informationen und Softwareapplikationen ohne jegliche Garantie zur Verf\u00fcgung. So kann es sein, dass die zur Verf\u00fcgung gestellten Informationen und Softwareapplikationen \u2013 ganz oder teilweise \u2013 nicht ausf\u00fchrbar, nicht aktuell, nicht sicher oder fehlerfrei sind, nicht permanent zur Verf\u00fcgung stehen oder allf\u00e4llige Fehler\/Probleme nicht umgehend behoben werden. Wir lehnen jegliche Haftung f\u00fcr unrichtige und fehlende Informationen und Softwareapplikationen auf unserer Website sowie von Inhalten der mit Hyperlinks verbundenen Webseiten ab. Entscheidungen, die auf Informationen beruhen, die auf unserer Webseite sowie der mit Hyperlinks verbundenen Seiten bereitgestellt werden, stehen ausschlie\u00dflich in Ihrem Ermessen und in Ihrer Verantwortlichkeit. Wir \u00fcbernehmen auch keine Haftung f\u00fcr zuf\u00e4llige oder indirekte Sch\u00e4den im Zusammenhang mit dem Ausf\u00fchren der Softwareapplikationen, einschlie\u00dflich Sch\u00e4den am Endger\u00e4t oder Sch\u00e4den, die aus Nutzungs-, Daten- oder Ertragsverlust hervorgehen.<br \/>\nSofern Sie unsere Informationen oder Daten f\u00fcr gewerbliche Zwecke nutzen m\u00f6chten, muss hierf\u00fcr vorab eine Zustimmung eingeholt werden. Bitte kontaktieren Sie uns zu diesem Zweck.<\/p>\n<p class=\"ds-paragraph\">Es wird darauf hingewiesen, dass \u00fcber das Internet ver\u00f6ffentlichte und damit f\u00fcr jedermann zug\u00e4ngliche gemachte Informationen, Daten, Unterlagen, Gesch\u00e4fts- und Betriebsgeheimnisse, Ideen etc. nicht mehr der Geheimhaltung unterliegen.<\/p>\n<h3 class=\"ds-header-all ds-header-2\">10.2. Einsatz von Cookies und \u00e4hnlichen Technologien<\/h3>\n<p class=\"ds-paragraph\">Wir nutzen auf unserer Website an mehreren Stellen Cookies und \u00e4hnliche Technologien, um unser Angebot benutzerfreundlicher und effektiver zu machen. Cookies sind kleine Textdateien, die auf Ihrem Rechner abgelegt werden und die Ihr Browser speichert. Damit wird unserer Webseite erm\u00f6glicht, Sie als Nutzer wiederzuerkennen, wenn eine erneute Verbindung zwischen unserer Webseite und Ihrem Internet-Browser hergestellt wird. So k\u00f6nnen wir auch die Nutzungsh\u00e4ufigkeit und die Anzahl der Nutzer unserer Webseite ermitteln. Der Inhalt der verwendeten Cookies beschr\u00e4nkt sich auf eine Identifikationsnummer, die keine Identifizierbarkeit der Person zul\u00e4sst.<\/p>\n<p class=\"ds-paragraph\">Sie k\u00f6nnen unsere Webseite auch ohne Cookies verwenden und k\u00f6nnen dies in Ihren Browsereinstellungen festlegen. F\u00fcr bestimmte Services wird allerdings ein Login vorausgesetzt, welcher jedoch ohne Authentifizierungs-Cookies nicht funktioniert.<\/p>\n<h3 class=\"ds-header-all ds-header-2\">10.3. Arten von Cookies<\/h3>\n<p class=\"ds-paragraph\">Wir verwenden auf unserer Website Session Cookies sowie Permanent Cookies. Session Cookies sind tempor\u00e4re Cookies und werden nur f\u00fcr die Dauer der Sitzung gespeichert. Permanent Cookies (dauerhafte Cookies) dienen der verbesserten Nutzung unserer Website und bleiben auf Ihrem Endger\u00e4t gespeichert und erlauben uns, Ihren Browser beim n\u00e4chsten Besuch wiederzuerkennen.<\/p>\n<p class=\"ds-paragraph\">Wir verwenden auch folgende Cookies und \u00e4hnliche Technologien:<\/p>\n<ul>\n<li>Authentifizierungs-Cookies<\/li>\n<li>Funktionalit\u00e4ts-Cookies<\/li>\n<li>Google\/UniversalAnalytics<\/li>\n<li>Werbefunktionen von Google Analytics<\/li>\n<li>Facebook Social Plugins<\/li>\n<li>Instagram Schaltfl\u00e4chen<\/li>\n<\/ul>\n<p class=\"ds-paragraph\"><b>Cookies von Drittanbietern<\/b><\/p>\n<p class=\"ds-paragraph\">Wir verwenden auch Cookies von Drittanbietern. Diese Cookies dienen ausschlie\u00dflich der Werbe- und Seitenoptimierung. Unsere Webseite hat auf den Inhalt der Cookies keinen Einfluss. Sie werden verwendet, um das Nutzerverhalten nachzuverfolgen und zu analysieren, um so gezielt relevante Werbekampagnen f\u00fcr unsere Nutzer schalten zu k\u00f6nnen und das Einkaufserlebnis f\u00fcr unsere Kunden zu verbessern.<\/p>\n<p class=\"ds-paragraph\">Um bereits gespeicherte Browser-Cookies zu l\u00f6schen, k\u00f6nnen Sie die untenstehenden Links \u00f6ffnen, um die Anleitung f\u00fcr Ihren Browser abzurufen:<\/p>\n<ul>\n<li>Chrome:&nbsp;<a href=\"https:\/\/support.google.com\/chrome\/answer\/95647?hl=de\" target=\"_blank\" rel=\"noopener\">https:\/\/support.google.com\/chrome\/answer\/95647?hl=de<\/a><\/li>\n<li>Firefox:&nbsp;<a href=\"https:\/\/support.mozilla.org\/de\/kb\/cookies-loeschen-daten-von-websites-entfernen\" target=\"_blank\" rel=\"noopener\">https:\/\/support.mozilla.org\/de\/kb\/cookies-loeschen-daten-von-websites-entfernen<\/a><\/li>\n<li>Internet Explorer:&nbsp;<a href=\"https:\/\/support.microsoft.com\/de-at\/help\/17442\/windows-internet-explorer-delete-manage-cooki\" target=\"_blank\" rel=\"noopener\">https:\/\/support.microsoft.com\/de-at\/help\/17442\/windows-internet-explorer-delete-manage-cookies<\/a><\/li>\n<li>Opera:&nbsp;<a href=\"https:\/\/help.opera.com\/de\/latest\/web-preferences\/\" target=\"_blank\" rel=\"noopener\">https:\/\/help.opera.com\/de\/latest\/web-preferences\/<\/a><\/li>\n<li>Safari:&nbsp;<a href=\"https:\/\/support.apple.com\/kb\/PH19214\" target=\"_blank\" rel=\"noopener\">https:\/\/support.apple.com\/kb\/PH19214<\/a><\/li>\n<\/ul>\n<h3 class=\"ds-header-all ds-header-2\">10.4. Google Maps<\/h3>\n<p class=\"ds-paragraph\">Diese Seite nutzt \u00fcber eine API den Kartendienst Google Maps. Anbieter ist die Google Ireland Limited (\u201eGoogle\u201c), Gordon House, Barrow Street, Dublin 4, Irland.<br \/>\nZur Nutzung der Funktionen von Google Maps ist es notwendig, Ihre IP Adresse zu speichern. Diese Informationen werden in der Regel an einen Server von Google in den USA \u00fcbertragen und dort gespeichert. Der Anbieter dieser Seite hat keinen Einfluss auf diese Daten\u00fcbertragung.<\/p>\n<p class=\"ds-paragraph\">Die Nutzung von Google Maps erfolgt im Interesse einer ansprechenden Darstellung unserer Online-Angebote und an einer leichten Auffindbarkeit der von uns auf der Website angegebenen Orte. Dies stellt ein berechtigtes Interesse im Sinne von Art. 6 Abs. 1 lit. f DSGVO dar.<\/p>\n<p class=\"ds-paragraph\">Mehr Informationen zum Umgang mit Nutzerdaten finden Sie in der Datenschutzerkl\u00e4rung von Google: <a href=\"https:\/\/policies.google.com\/privacy?hl=de\" target=\"_blank\" rel=\"noopener\">https:\/\/policies.google.com\/privacy?hl=de<\/a>.<\/p>\n<h3 class=\"ds-header-all ds-header-2\">10.5. LinkedIn Plugin<\/h3>\n<p class=\"ds-paragraph\">Unsere Website nutzt Funktionen des Netzwerks LinkedIn. Anbieter ist die LinkedIn Corporation, 2029 Stierlin Court, Mountain View, CA 94043, USA.<\/p>\n<p class=\"ds-paragraph\">Bei jedem Abruf einer unserer Seiten, die Funktionen von LinkedIn enth\u00e4lt, wird eine Verbindung zu Servern von LinkedIn aufgebaut. LinkedIn wird dar\u00fcber informiert, dass Sie unsere Internetseiten mit Ihrer IP-Adresse besucht haben. Wenn Sie den \u201eRecommend-Button\u201c von LinkedIn anklicken und in Ihrem Account bei LinkedIn eingeloggt sind, ist es LinkedIn m\u00f6glich, Ihren Besuch auf unserer Internetseite Ihnen und Ihrem Benutzerkonto zuzuordnen. Wir weisen darauf hin, dass wir als Anbieter der Seiten keine Kenntnis vom Inhalt der \u00fcbermittelten Daten sowie deren Nutzung durch LinkedIn haben.<\/p>\n<p class=\"ds-paragraph\">Die Verwendung des LinkedIn-Plugins erfolgt auf Grundlage von Art. 6 Abs. 1 lit. f DSGVO. Der Websitebetreiber hat ein berechtigtes Interesse an einer m\u00f6glichst umfangreichen Sichtbarkeit in den Sozialen Medien.<\/p>\n<p class=\"ds-paragraph\">Weitere Informationen hierzu finden Sie in der Datenschutzerkl\u00e4rung von LinkedIn unter: <a href=\"https:\/\/www.linkedin.com\/legal\/privacy-policy\" target=\"_blank\" rel=\"noopener\">https:\/\/www.linkedin.com\/legal\/privacy-policy<\/a>.<\/p>\n<h3 class=\"ds-header-all ds-header-2\">10.6. Facebook\/Social Media<\/h3>\n<p class=\"ds-paragraph\">Auf unseren Seiten werden Plugins von sozialen Medien verwendet (z. B. Facebook, Twitter, Google+, Instagram, Pinterest, XING, LinkedIn, Tumblr).<\/p>\n<p class=\"ds-paragraph\">Die Plugins k\u00f6nnen Sie in der Regel anhand der jeweiligen Social-Media-Logos erkennen. Um den Datenschutz auf unserer Website zu gew\u00e4hrleisten, verwenden wir diese Plugins nur zusammen mit der sogenannten \u201eShariff\u201c-L\u00f6sung. Diese Anwendung verhindert, dass die auf unserer Website integrierten Plugins Daten schon beim ersten Betreten der Seite an den jeweiligen Anbieter \u00fcbertragen.<\/p>\n<p class=\"ds-paragraph\">Erst wenn Sie das jeweilige Plugin durch Anklicken der zugeh\u00f6rigen Schaltfl\u00e4che aktivieren, wird eine direkte Verbindung zum Server des Anbieters hergestellt (Einwilligung). Sobald Sie das Plugin aktivieren, erh\u00e4lt der jeweilige Anbieter die Information, dass Sie mit Ihrer IP-Adresse unsere Seite besucht haben. Wenn Sie gleichzeitig in Ihrem jeweiligen Social-Media-Account (z. B. Facebook) eingeloggt sind, kann der jeweilige Anbieter den Besuch unserer Seiten Ihrem Benutzerkonto zuordnen.<\/p>\n<p class=\"ds-paragraph\">Das Aktivieren des Plugins stellt eine Einwilligung im Sinne des Art. 6 Abs. 1 lit. a DSGVO dar. Diese Einwilligung k\u00f6nnen Sie jederzeit mit Wirkung f\u00fcr die Zukunft widerrufen.<\/p>\n<\/div>\n<h3 class=\"ds-header-all ds-header-1\">11. \u00c4nderungen<\/h3>\n<p class=\"ds-paragraph\">Wir behalten uns das Recht vor, jederzeit und unangek\u00fcndigt \u00c4nderungen oder Erg\u00e4nzungen der Informationsinhalte durchzuf\u00fchren. Sofern Teile oder einzelne Formulierungen dieses Textes der geltenden Rechtslage nicht, nicht mehr oder nicht vollst\u00e4ndig entsprechen sollten, bleiben die \u00fcbrigen Teile des Dokumentes in ihrem Inhalt und ihrer G\u00fcltigkeit davon unber\u00fchrt.<\/p>\n\n\t\t<\/div>\n\t<\/div>\n<\/div><\/div><\/div><\/div>\n<\/div>","protected":false},"excerpt":{"rendered":"Hinweis zur verantwortlichen Stelle Verantwortlich f\u00fcr die Datenverarbeitung auf dieser Website ist: Dr. Sara Dunja Pempelfort Schaumburgergasse 1.01 1040 Wien +43 676 492 44 84 office@gyn\u00e4kologie-pempelfort.at https:\/\/gyn\u00e4kologie-pempelfort.at 1. Allgemeine Hinweise zum Datenschutz Der Schutz Ihrer personenbezogenen Daten ist uns ein besonderes Anliegen. Aus diesem Grund verarbeiten wir Ihre Daten ausschlie\u00dflich auf Grundlage der einschl\u00e4gigen gesetzlichen [...]","protected":false},"author":3,"featured_media":0,"parent":0,"menu_order":0,"comment_status":"closed","ping_status":"closed","template":"one-page-template.php","meta":{"inline_featured_image":false,"footnotes":""},"class_list":["post-11747","page","type-page","status-publish","hentry"],"_links":{"self":[{"href":"https:\/\/xn--gynkologie-pempelfort-71b.at\/en\/wp-json\/wp\/v2\/pages\/11747","targetHints":{"allow":["GET"]}}],"collection":[{"href":"https:\/\/xn--gynkologie-pempelfort-71b.at\/en\/wp-json\/wp\/v2\/pages"}],"about":[{"href":"https:\/\/xn--gynkologie-pempelfort-71b.at\/en\/wp-json\/wp\/v2\/types\/page"}],"author":[{"embeddable":true,"href":"https:\/\/xn--gynkologie-pempelfort-71b.at\/en\/wp-json\/wp\/v2\/users\/3"}],"replies":[{"embeddable":true,"href":"https:\/\/xn--gynkologie-pempelfort-71b.at\/en\/wp-json\/wp\/v2\/comments?post=11747"}],"version-history":[{"count":4,"href":"https:\/\/xn--gynkologie-pempelfort-71b.at\/en\/wp-json\/wp\/v2\/pages\/11747\/revisions"}],"predecessor-version":[{"id":12529,"href":"https:\/\/xn--gynkologie-pempelfort-71b.at\/en\/wp-json\/wp\/v2\/pages\/11747\/revisions\/12529"}],"wp:attachment":[{"href":"https:\/\/xn--gynkologie-pempelfort-71b.at\/en\/wp-json\/wp\/v2\/media?parent=11747"}],"curies":[{"name":"wp","href":"https:\/\/api.w.org\/{rel}","templated":true}]}}