{"id":11844,"date":"2021-11-29T15:43:09","date_gmt":"2021-11-29T15:43:09","guid":{"rendered":"https:\/\/gynkologie-pempelfortat.dev4.braundata.com\/?page_id=11844"},"modified":"2022-03-31T10:35:33","modified_gmt":"2022-03-31T10:35:33","slug":"ordination","status":"publish","type":"page","link":"https:\/\/xn--gynkologie-pempelfort-71b.at\/en\/ordination\/","title":{"rendered":"Practice"},"content":{"rendered":"<div class=\"wpb-content-wrapper\"><div class=\"vc_row wpb_row vc_row-fluid position_bg_spezial\"><div class=\"wpb_column vc_column_container vc_col-sm-12\"><div class=\"vc_column-inner\"><div class=\"wpb_wrapper\"><div class=\"vc_empty_space\"   style=\"height: 200px\"><span class=\"vc_empty_space_inner\"><\/span><\/div><div class=\"ult-animation  ult-animate-viewport  ult-no-mobile\" data-animate=\"fadeInUp\" data-animation-delay=\"0.3\" data-animation-duration=\"1\" data-animation-iteration=\"1\" style=\"opacity:0;\" data-opacity_start_effect=\"\"><h4 style=\"color: rgba(178,178,178,0.65);text-align: left\" class=\"vc_custom_heading vc_do_custom_heading\" >Near the city center and barrier-free<\/h4><div class=\"vc_empty_space\"   style=\"height: 10px\"><span class=\"vc_empty_space_inner\"><\/span><\/div><h2 style=\"font-size: 55px;line-height: 1.25em;text-align: left\" class=\"vc_custom_heading vc_do_custom_heading\" >Welcome to my<br \/>\nPractice<br \/>\nin Wieden<\/h2><\/div><div class=\"vc_empty_space\"   style=\"height: 40px\"><span class=\"vc_empty_space_inner\"><\/span><\/div><div class=\"ult-animation  ult-animate-viewport  ult-no-mobile\" data-animate=\"fadeInUp\" data-animation-delay=\"0.3\" data-animation-duration=\"1\" data-animation-iteration=\"1\" style=\"opacity:0;\" data-opacity_start_effect=\"\"><\/div><div class=\"vc_empty_space\"   style=\"height: 200px\"><span class=\"vc_empty_space_inner\"><\/span><\/div><\/div><\/div><\/div><\/div><!-- Row Backgrounds --><div class=\"upb_bg_img\" data-ultimate-bg=\"url(https:\/\/xn--gynkologie-pempelfort-71b.at\/wp-content\/uploads\/2021\/11\/pg-u-Ordination-e1-b1-test.jpg)\" data-image-id=\"id^12237|url^https:\/\/xn--gynkologie-pempelfort-71b.at\/wp-content\/uploads\/2021\/11\/pg-u-Ordination-e1-b1-test.jpg|caption^null|alt^null|title^pg-u-Ordination-e1-b1-test|description^null\" data-ultimate-bg-style=\"vcpb-vz-jquery\" data-bg-img-repeat=\"no-repeat\" data-bg-img-size=\"cover\" data-bg-img-position=\"\" data-parallx_sense=\"30\" data-bg-override=\"ex-full\" data-bg_img_attach=\"scroll\" data-upb-overlay-color=\"rgba(0,0,0,0.08)\" data-upb-bg-animation=\"\" data-fadeout=\"\" data-bg-animation=\"left-animation\" data-bg-animation-type=\"h\" data-animation-repeat=\"repeat\" data-fadeout-percentage=\"30\" data-parallax-content=\"\" data-parallax-content-sense=\"30\" data-row-effect-mobile-disable=\"true\" data-img-parallax-mobile-disable=\"true\" data-rtl=\"false\"  data-custom-vc-row=\"\"  data-vc=\"8.7.1\"  data-is_old_vc=\"\"  data-theme-support=\"\"   data-overlay=\"true\" data-overlay-color=\"rgba(0,0,0,0.08)\" data-overlay-pattern=\"\" data-overlay-pattern-opacity=\"0.8\" data-overlay-pattern-size=\"\" data-overlay-pattern-attachment=\"scroll\"    data-seperator=\"true\"  data-seperator-type=\"tilt_right_seperator\"  data-seperator-shape-size=\"40\"  data-seperator-svg-height=\"150\"  data-seperator-full-width=\"true\" data-seperator-position=\"bottom_seperator\"  data-seperator-background-color=\"#ffffff\"  data-icon=\"\"  ><\/div><div class=\"vc_row wpb_row vc_row-fluid vc_custom_1531234511347\"><div class=\"wpb_column vc_column_container vc_col-sm-4\"><div class=\"vc_column-inner\"><div class=\"wpb_wrapper\">\n\t<div  class=\"wpb_single_image wpb_content_element vc_align_left wpb_content_element wpb_animate_when_almost_visible wpb_slideInUp slideInUp\">\n\t\t\n\t\t<figure class=\"wpb_wrapper vc_figure\">\n\t\t\t<div class=\"vc_single_image-wrapper   vc_box_border_grey\"><img loading=\"lazy\" decoding=\"async\" width=\"150\" height=\"106\" src=\"https:\/\/xn--gynkologie-pempelfort-71b.at\/wp-content\/uploads\/2021\/11\/pg-u-Ordination-icon-e2-b1-new.jpg\" class=\"vc_single_image-img attachment-medium\" alt=\"\" title=\"Cars and trucks\" \/><\/div>\n\t\t<\/figure>\n\t<\/div>\n<div class=\"vc_empty_space\"   style=\"height: 25px\"><span class=\"vc_empty_space_inner\"><\/span><\/div><h4 style=\"color: __USE_THEME_MAIN_COLOR__;text-align: left;font-family:Josefin Sans;font-weight:400;font-style:normal\" class=\"vc_custom_heading vc_do_custom_heading no-letter-spacing\" >Close to the city center<\/h4>\n\t<div class=\"wpb_text_column wpb_content_element\" >\n\t\t<div class=\"wpb_wrapper\">\n\t\t\t<p>My barrier-free practice is located in the center of Vienna's 4th district and is easily accessible by public transportation or car.<\/p>\n\n\t\t<\/div>\n\t<\/div>\n<\/div><\/div><\/div><div class=\"wpb_column vc_column_container vc_col-sm-4\"><div class=\"vc_column-inner\"><div class=\"wpb_wrapper\"><div class=\"vc_empty_space  nurmobil\"   style=\"height: 25px\"><span class=\"vc_empty_space_inner\"><\/span><\/div>\n\t<div  class=\"wpb_single_image wpb_content_element vc_align_left wpb_content_element wpb_animate_when_almost_visible wpb_slideInUp slideInUp\">\n\t\t\n\t\t<figure class=\"wpb_wrapper vc_figure\">\n\t\t\t<div class=\"vc_single_image-wrapper   vc_box_border_grey\"><img loading=\"lazy\" decoding=\"async\" width=\"150\" height=\"106\" src=\"https:\/\/xn--gynkologie-pempelfort-71b.at\/wp-content\/uploads\/2021\/11\/pg-u-Ordination-icon-e2-b2.jpg\" class=\"vc_single_image-img attachment-full\" alt=\"\" title=\"business education icon\" \/><\/div>\n\t\t<\/figure>\n\t<\/div>\n<div class=\"vc_empty_space\"   style=\"height: 25px\"><span class=\"vc_empty_space_inner\"><\/span><\/div><h4 style=\"color: __USE_THEME_MAIN_COLOR__;text-align: left;font-family:Josefin Sans;font-weight:400;font-style:normal\" class=\"vc_custom_heading vc_do_custom_heading no-letter-spacing\" >Relaxed atmosphere<\/h4>\n\t<div class=\"wpb_text_column wpb_content_element\" >\n\t\t<div class=\"wpb_wrapper\">\n\t\t\t<p>Do you have some time before your appointment? Enjoy  our peaceful and quiet large garden or one of the  neighborhood cafes.<\/p>\n\n\t\t<\/div>\n\t<\/div>\n<\/div><\/div><\/div><div class=\"wpb_column vc_column_container vc_col-sm-4\"><div class=\"vc_column-inner\"><div class=\"wpb_wrapper\"><div class=\"vc_empty_space  nurmobil\"   style=\"height: 25px\"><span class=\"vc_empty_space_inner\"><\/span><\/div>\n\t<div  class=\"wpb_single_image wpb_content_element vc_align_left wpb_content_element wpb_animate_when_almost_visible wpb_slideInUp slideInUp\">\n\t\t\n\t\t<figure class=\"wpb_wrapper vc_figure\">\n\t\t\t<div class=\"vc_single_image-wrapper   vc_box_border_grey\"><img loading=\"lazy\" decoding=\"async\" width=\"150\" height=\"102\" src=\"https:\/\/xn--gynkologie-pempelfort-71b.at\/wp-content\/uploads\/2021\/11\/pg-u-Ordination-icon-e2-b3.jpg\" class=\"vc_single_image-img attachment-medium\" alt=\"\" title=\"business education icon\" \/><\/div>\n\t\t<\/figure>\n\t<\/div>\n<div class=\"vc_empty_space\"   style=\"height: 25px\"><span class=\"vc_empty_space_inner\"><\/span><\/div><h4 style=\"color: __USE_THEME_MAIN_COLOR__;text-align: left;font-family:Josefin Sans;font-weight:400;font-style:normal\" class=\"vc_custom_heading vc_do_custom_heading no-letter-spacing\" >Specialties<\/h4>\n\t<div class=\"wpb_text_column wpb_content_element\" >\n\t\t<div class=\"wpb_wrapper\">\n\t\t\t<p>We offer different medical disciplines at the practice Carre\u00e9 Schaumburg,  to provide you with the best possible care.<\/p>\n\n\t\t<\/div>\n\t<\/div>\n<\/div><\/div><\/div><\/div><div class=\"vc_row wpb_row vc_row-fluid\"><div class=\"wpb_column vc_column_container vc_col-sm-12\"><div class=\"vc_column-inner\"><div class=\"wpb_wrapper\"><div class=\"vc_row wpb_row vc_inner vc_row-fluid\"><div class=\"wpb_column vc_column_container vc_col-sm-12\"><div class=\"vc_column-inner\"><div class=\"wpb_wrapper\"><div class=\"vc_empty_space\"   style=\"height: 40px\"><span class=\"vc_empty_space_inner\"><\/span><\/div><\/div><\/div><\/div><\/div><\/div><\/div><\/div><\/div><div class=\"vc_row wpb_row vc_row-fluid\"><div class=\"wpb_column vc_column_container vc_col-sm-12\"><div class=\"vc_column-inner\"><div class=\"wpb_wrapper\"><div class=\"vc_row wpb_row vc_inner vc_row-fluid\"><div class=\"wpb_column vc_column_container vc_col-sm-12\"><div class=\"vc_column-inner\"><div class=\"wpb_wrapper\">\n\t<div class=\"wpb_text_column wpb_content_element\" >\n\t\t<div class=\"wpb_wrapper\">\n\t\t\t<p>[ngg src=&#8220;galleries&#8220; ids=&#8220;3&#8243; sortorder=&#8220;130,67,60,68,126,76,53,69,77,70,63,71,58,127,128,129&#8243; display=&#8220;pro_mosaic&#8220; row_height=&#8220;200&#8243; margins=&#8220;12&#8243; lazy_load_enable=&#8220;0&#8243;]<\/p>\n\n\t\t<\/div>\n\t<\/div>\n<\/div><\/div><\/div><\/div><\/div><\/div><\/div><\/div><div class=\"vc_row wpb_row vc_row-fluid\"><div class=\"wpb_column vc_column_container vc_col-sm-12\"><div class=\"vc_column-inner\"><div class=\"wpb_wrapper\"><div class=\"vc_row wpb_row vc_inner vc_row-fluid\"><div class=\"wpb_column vc_column_container vc_col-sm-12\"><div class=\"vc_column-inner\"><div class=\"wpb_wrapper\"><div class=\"vc_empty_space\"   style=\"height: 115px\"><span class=\"vc_empty_space_inner\"><\/span><\/div><\/div><\/div><\/div><\/div><\/div><\/div><\/div><\/div>\n<\/div>","protected":false},"excerpt":{"rendered":"Zentrumsnah und barrierefreiWillkommen in meiner Ordination in Wieden Zentrumsnahe Lage Meine barrierefreie Ordination liegt mitten im 4. Wiener Bezirk und ist gut \u00f6ffentlich oder mit dem Auto erreichbar. Entspannte Atmosph\u00e4re Sie haben vor Ihrem Termin noch etwas Zeit? Dann genie\u00dfen Sie die Ruhe in unserem gro\u00dfen Garten oder eines der Kaffeeh\u00e4user in der Umgebung. Unterschiedliche [...]","protected":false},"author":3,"featured_media":0,"parent":0,"menu_order":0,"comment_status":"closed","ping_status":"closed","template":"page.php","meta":{"inline_featured_image":false,"footnotes":""},"class_list":["post-11844","page","type-page","status-publish","hentry"],"_links":{"self":[{"href":"https:\/\/xn--gynkologie-pempelfort-71b.at\/en\/wp-json\/wp\/v2\/pages\/11844","targetHints":{"allow":["GET"]}}],"collection":[{"href":"https:\/\/xn--gynkologie-pempelfort-71b.at\/en\/wp-json\/wp\/v2\/pages"}],"about":[{"href":"https:\/\/xn--gynkologie-pempelfort-71b.at\/en\/wp-json\/wp\/v2\/types\/page"}],"author":[{"embeddable":true,"href":"https:\/\/xn--gynkologie-pempelfort-71b.at\/en\/wp-json\/wp\/v2\/users\/3"}],"replies":[{"embeddable":true,"href":"https:\/\/xn--gynkologie-pempelfort-71b.at\/en\/wp-json\/wp\/v2\/comments?post=11844"}],"version-history":[{"count":81,"href":"https:\/\/xn--gynkologie-pempelfort-71b.at\/en\/wp-json\/wp\/v2\/pages\/11844\/revisions"}],"predecessor-version":[{"id":12666,"href":"https:\/\/xn--gynkologie-pempelfort-71b.at\/en\/wp-json\/wp\/v2\/pages\/11844\/revisions\/12666"}],"wp:attachment":[{"href":"https:\/\/xn--gynkologie-pempelfort-71b.at\/en\/wp-json\/wp\/v2\/media?parent=11844"}],"curies":[{"name":"wp","href":"https:\/\/api.w.org\/{rel}","templated":true}]}}