{"id":12245,"date":"2021-12-01T07:28:19","date_gmt":"2021-12-01T07:28:19","guid":{"rendered":"https:\/\/gynkologie-pempelfortat.dev4.braundata.com\/endometriose-spezialist-wien\/"},"modified":"2023-11-22T08:57:24","modified_gmt":"2023-11-22T08:57:24","slug":"endometriose-spezialist-wien","status":"publish","type":"page","link":"https:\/\/xn--gynkologie-pempelfort-71b.at\/en\/endometriose-spezialist-wien\/","title":{"rendered":"Endometriose Spezialist Wien"},"content":{"rendered":"<div class=\"wpb-content-wrapper\"><div class=\"vc_row wpb_row vc_row-fluid\"><div class=\"wpb_column vc_column_container vc_col-sm-12\"><div class=\"vc_column-inner\"><div class=\"wpb_wrapper\"><div class=\"menu-seo-seitenleiste-container\"><ul id=\"menu-seo-seitenleiste\" class=\"\"><li id=\"menu-item-12240\" class=\"seo-seitenleiste-element menu-item menu-item-type-custom menu-item-object-custom menu-item-12240 custom-12240\"><a href=\"https:\/\/xn--gynkologie-pempelfort-71b.at\/en\/pages\/kontakt\/\">Contact<\/a><\/li>\n<li id=\"menu-item-12241\" class=\"seo-seitenleiste-element menu-item menu-item-type-custom menu-item-object-custom menu-item-12241 custom-12241\"><a href=\"https:\/\/xn--gynkologie-pempelfort-71b.at\/en\/pages\/leistungen\/\">Services<\/a><\/li>\n<li id=\"menu-item-12242\" class=\"seo-seitenleiste-element menu-item menu-item-type-custom menu-item-object-custom menu-item-12242 custom-12242\"><a href=\"https:\/\/xn--gynkologie-pempelfort-71b.at\/en\/pages\/nuetzliche-links\/\">Useful links<\/a><\/li>\n<li id=\"menu-item-12243\" class=\"seo-seitenleiste-element menu-item menu-item-type-custom menu-item-object-custom menu-item-12243 custom-12243\"><a href=\"https:\/\/xn--gynkologie-pempelfort-71b.at\/en\/pages\/ordination\/\">Practice<\/a><\/li>\n<li id=\"menu-item-12244\" class=\"seo-seitenleiste-element menu-item menu-item-type-custom menu-item-object-custom menu-item-12244 custom-12244\"><a href=\"https:\/\/xn--gynkologie-pempelfort-71b.at\/en\/pages\/ueber-mich\/\">About<\/a><\/li>\n<\/ul><\/div>\n\t<div class=\"wpb_text_column wpb_content_element\" >\n\t\t<div class=\"wpb_wrapper\">\n\t\t\t<div class=\"seo-wrapper\">\n<div class=\"seo-row\">\n<div class=\"seo-column seo-image\">\n<div class=\"seo-image-inner-left\" style=\"background-image: url('..\/wp-content\/uploads\/Arzt\/seo-artikel-arzt-5.jpg');\">&nbsp;<\/div>\n<\/div>\n<div class=\"seo-column seo-text\">\n<div class=\"seo-text-inner\">\n<h3>Dr. Pempelfort hei\u00dft Sie willkommen<\/h3>\n<p>Ich bin Dr. Sara Dunja Pempelfort und m\u00f6chte Sie bei mir willkommen hei\u00dfen. Als Wahl\u00e4rztin behandle ich von Teenagern \u00fcber Erwachsene bis hin zu Frauen in den Wechseljahren Patientinnen aller Altersklassen. Meine Ordination f\u00fcr Gyn\u00e4kologie und Geburtshilfe befindet sich in der Gemeinschaftspraxis Carr\u00e9 Schaumburg mitten im vierten Wiener Gemeindebezirk, wo ich Ihnen mit einf\u00fchlsamer Beratung und kompetenter Betreuung zur Verf\u00fcgung stehe. Alle Termine erfolgen bei mir nach Vereinbarung, die Kontaktdaten finden Sie auf der <a href=\"https:\/\/www.gyn\u00e4kologie-pempelfort.at\">Homepage<\/a>. Neben meinen klassischen Aufgaben als Gyn\u00e4kologin gelte ich als Endometriose Spezialist in Wien, wenn Sie also auf diesem Gebiet professionelle Unterst\u00fctzung ben\u00f6tigen sollten. Ich betreue Sie von der gezielten Ultraschall-Diagnostik \u00fcber die Operation bis hin zur Nachsorge, wobei ich auch nichtoperativen sowie alternativen Behandlungsmethoden offen gegen\u00fcberstehe.<\/p>\n<\/div>\n<\/div>\n<\/div>\n<div class=\"seo-row\">\n<div class=\"seo-column seo-text\">\n<div class=\"seo-text-inner\">\n<h3>Ihr Endometriose Spezialist in Wien<\/h3>\n<p>Sie m\u00f6chten sich wirklich gr\u00fcndlich von einer ausgebildeten Fachkraft untersuchen lassen, weil Sie schon l\u00e4nger einen Verdacht hegen? Als <a href=\"https:\/\/www.gyn\u00e4kologie-pempelfort.at\">Endometriose Spezialist in Wien<\/a> unterziehe ich Sie einer genauen Untersuchung, um festzustellen, woran Sie leiden, und ob es sich tats\u00e4chlich um eine krankhafte Wucherung der Geb\u00e4rmutterschleimhaut handelt. Endometriose ist eine chronische Erkrankung, bei der das Gewebe, also die Schleimhaut der Geb\u00e4rmutter, auch au\u00dferhalb dieser w\u00e4chst und gedeiht. Sie kann sich im Beckenbereich bilden, genauso aber auch auf Organen, etwa auf den Eierst\u00f6cken, dem Eileiter, Darm oder der Blase. Neben akuten Schmerzen f\u00fchrt Endometriose nicht selten auch zu langfristigen Folgen und Problemen, m\u00f6glicherweise sogar bis zur Unfruchtbarkeit. Vereinbaren Sie schnell und unkompliziert einen Termin in meiner Praxis f\u00fcr Ihre Untersuchung. Ihr Wohlbefinden liegt mir am Herzen.<\/p>\n<\/div>\n<\/div>\n<div class=\"seo-column seo-image\">\n<div class=\"seo-image-inner-left\" style=\"background-image: url('..\/wp-content\/uploads\/Arzt\/seo-artikel-arzt-3.jpg');\">&nbsp;<\/div>\n<\/div>\n<\/div>\n<div class=\"seo-row\">\n<div class=\"seo-column seo-image\">\n<div class=\"seo-image-inner-left\" style=\"background-image: url('..\/wp-content\/uploads\/Arzt\/seo-artikel-arzt-4.jpg');\">&nbsp;<\/div>\n<\/div>\n<div class=\"seo-column seo-text\">\n<div class=\"seo-text-inner\">\n<h3>Von Schmerz- bis Hormontherapien<\/h3>\n<p>Welche Therapie sich als die vielversprechendste erweist, wenn Sie auf Endometriose diagnostiziert wurden, h\u00e4ngt von Ihrem individuellen Krankheitsbild ab. Eine erste Form der akuten Behandlung ist der Einsatz von Schmerzmitteln, beispielsweise durch nichtsteroidale entz\u00fcndungshemmende Medikamente wie Ibuprofen. Sie helfen dabei, Entz\u00fcndungen zu reduzieren und den gr\u00f6\u00dften Schmerz zu lindern. Als Endometriose Spezialist in Wien f\u00fchre ich unter anderem Hormontherapien als eine g\u00e4ngige Behandlungsmethode durch. Um die \u00dcberwucherung des Gewebes an den Problemstellen zu kontrollieren, kommen unterschiedliche hormonbasierte Therapien zum Einsatz, zum Beispiel Pillen, Gestagen-Therapien, GnRH-Agonisten und -Antagonisten oder Danazol. Jede wirkt auf Ihre eigene Art und Weise, was von der Verringerung der \u00d6strogenproduktion bis hin zur Unterdr\u00fcckung des Menstruationszyklus reichen kann. Das Wichtigste ist, besser fr\u00fcher als sp\u00e4ter mit einer Therapie zu beginnen.<\/p>\n<\/div>\n<\/div>\n<\/div>\n<div class=\"seo-row\">\n<div class=\"seo-column seo-text\">\n<div class=\"seo-text-inner\">\n<h3>Ich f\u00fchre die Operation selbst durch<\/h3>\n<p>Eine der wichtigsten und zielf\u00fchrendsten Ma\u00dfnahmen in puncto Behandlung bei Endometriose stellt der operative Eingriff dar. Als Endometriose Spezialist in Wien empfehle ich diesen Therapieansatz vor allem bei akuten und chronisch wiederkehrenden Beschwerden. Meiner Meinung nach stellt ein chirurgischer laparoskopischer Eingriff auf Dauer gesehen die schonendste Behandlungsform dar, vor allem im Falle einer schweren Endometriose. Die \u00dcberwucherungen werden dabei komplett entfernt, wobei die Beckenorgane und deren Funktionen vollst\u00e4ndig erhalten bleiben. Eine operative Entfernung wird im Fachjargon \u00fcbrigens als Laparoskopie bezeichnet. Sie tr\u00e4gt nachhaltig zur Linderung der Schmerzen bei und steigert gleichzeitig wieder Ihre Chancen auf Fruchtbarkeit. Gerne berate ich Sie in einem pers\u00f6nlichen Gespr\u00e4ch in meiner Praxis \u00fcber derartige operative Eingriffe. Besuchen Sie meine <a href=\"https:\/\/www.gyn\u00e4kologie-pempelfort.at\">Webseite<\/a> und vereinbaren Sie zeitnahen ein Termin.<\/p>\n<\/div>\n<\/div>\n<div class=\"seo-column seo-image\">\n<div class=\"seo-image-inner-left\" style=\"background-image: url('..\/wp-content\/uploads\/Arzt\/seo-artikel-arzt-8.jpg');\">&nbsp;<\/div>\n<\/div>\n<\/div>\n<div class=\"seo-row\">\n<div class=\"seo-column seo-image\">\n<div class=\"seo-image-inner-left\" style=\"background-image: url('..\/wp-content\/uploads\/Arzt\/seo-artikel-arzt-7.jpg');\">&nbsp;<\/div>\n<\/div>\n<div class=\"seo-column seo-text\">\n<div class=\"seo-text-inner\">\n<h3>GnRH Analoga in Form von Injektionen<\/h3>\n<p>Zur vor\u00fcbergehenden Senkung des \u00d6strogenspiegels wird die Verabreichung von Gonadotropin-Releasing-Hormon Analoga eingesetzt, kurz GnRH Analoga genannt, die sich auf die Hormonachsen des Gehirns auswirken. Dabei tritt eine k\u00fcnstlich herbeigef\u00fchrte Menopause ein, die das Wachstum der Endometriose-L\u00e4sionen stoppt. Aufgrund von zum Teil starken Nebenwirkungen findet diese Form der Therapie allerdings nur \u00fcber einen begrenzten Zeitraum statt, welcher von mehreren Monaten bis hin zu zwei bis drei Jahren andauern kann. GnRH Analoga werden durch Injektionen verabreicht, was ich als Endometriose Spezialist in Wien auf Ihren Wunsch hin f\u00fcr Sie durchf\u00fchre. Aktuell werden in der Medizin folgende GnRH Analoga eingesetzt: Buserelin, Gonadorelin, Goserelin, Histrelin, Leuprorelin, Nafarelin und Triptorelin. Vor allem f\u00fcr Patientinnen vor den Wechseljahren empfiehlt sich eine Therapie mit GnRH Analoga, die nicht selten in Kombination mit Tamoxifen oder Aromatasehemmern einhergeht.<\/p>\n<\/div>\n<\/div>\n<\/div>\n<div class=\"seo-row\">\n<div class=\"seo-column seo-text\">\n<div class=\"seo-text-inner\">\n<h3>Hormonersatztherapie bei Beschwerden<\/h3>\n<p>Ein Therapieansatz, den ich als Endometriose Spezialist in Wien verfolge, ist die sogenannte Hormonersatztherapie. Unter der Zufuhr von Hormonen werden dabei Beschwerden behandelt, die auf einen Hormonmangel zur\u00fcckzuf\u00fchren sind. Auch genannt HRT, kommt sie insbesondere nach der Entfernung der Eierst\u00f6cke zum Einsatz, um den dadurch entstandenen Mangel von \u00d6strogen auszugleichen und die Schmerzgef\u00fchle der Menopause zu verringern. Eine dahingehende Therapie kann mit oder ohne den Einsatz von Pr\u00e4paraten mit dem Hormon Gestagen stattfinden, was stets vom individuellen Krankheitsbild abh\u00e4ngt. Sie wird h\u00e4ufig als erste Art der Behandlung bei einer Endometriose angewandt. Allerdings m\u00f6chte ich an dieser Stelle auch erw\u00e4hnen, dass bei Gestagenen Nebenwirkungen auftreten k\u00f6nnen wie Zwischenblutungen, die unkontrollierte Zunahme von Gewicht, Beeintr\u00e4chtigungen der pers\u00f6nlichen Stimmungen sowie ein verminderter Sexualdrang.<\/p>\n<\/div>\n<\/div>\n<div class=\"seo-column seo-image\">\n<div class=\"seo-image-inner-left\" style=\"background-image: url('..\/wp-content\/uploads\/Arzt\/seo-artikel-arzt-1.jpg');\">&nbsp;<\/div>\n<\/div>\n<\/div>\n<div class=\"seo-row\">\n<div class=\"seo-column seo-image\">\n<div class=\"seo-image-inner-left\" style=\"background-image: url('..\/wp-content\/uploads\/Arzt\/seo-artikel-arzt-6.jpg');\">&nbsp;<\/div>\n<\/div>\n<div class=\"seo-column seo-text\">\n<div class=\"seo-text-inner\">\n<h3>Alternative Wege k\u00f6nnen Wirkung zeigen<\/h3>\n<p>F\u00fcr mich als Endometriose Spezialist in Wien ist neben der Schulmedizin auch das Thema von alternativen Therapien von gro\u00dfem Interesse. Hierbei sei nat\u00fcrlich vorangestellt, dass sie nur erg\u00e4nzend in Betracht bezogen werden sollten und in vielen F\u00e4llen kaum merkbare Erfolge erzielen. Bei anderen Frauen wiederum haben Therapiearten wie Akupunktur, Physiotherapie sowie spezielle Di\u00e4ten und Pr\u00e4parate einen positiven Einfluss auf den Krankheitsverlauf und k\u00f6nnen lindernd auf verschiedene Symptome der Endometriose wirken. Jede erg\u00e4nzende Form der Behandlung sollte am besten mit mir abgesprochen sein, da es zu auf den ersten Blick nicht vorhersehbaren Wechselwirkungen mit Medikamenten kommen kann, die mitunter negative Auswirkungen haben k\u00f6nnten. Au\u00dferdem sind bei vielen alternativen Ma\u00dfnahmen kaum bis gar keine wissenschaftlichen Studien bekannt, welche ihre Wirksamkeit tats\u00e4chlich nachweisen k\u00f6nnte.<\/p>\n<\/div>\n<\/div>\n<\/div>\n<div class=\"seo-row\">\n<div class=\"seo-column seo-text\">\n<div class=\"seo-text-inner\">\n<h3>Work experience and additional training<\/h3>\n<p>Meine medizinische Ausbildung nahm mit dem Studium der Humanmedizin an der Medizinischen Universit\u00e4t Wien ihren Anfang, das ich 2008 mit der Dissertation erfolgreich abgeschlossen habe. Im Anschluss folgte die Ausbildung zur Allgemeinmedizinerin im Krankenhaus G\u00f6ttlicher Heiland, im St. Anna Kinderspital sowie im Krankenhaus der Barmherzigen Br\u00fcder Wien bis 2011, ehe ich mich f\u00fcr eine Ausbildung zur Fach\u00e4rztin f\u00fcr Gyn\u00e4kologie und Geburtshilfe am Landeskrankenhaus Villach unter der Leitung von Prim. Univ. Prof. Dr. J\u00f6rg Keckstein entschieden habe, die bis 2016 dauerte. Den ersten wichtigen Schritt zum Endometriose Spezialist in Wien setzte ich mit meiner Facharztt\u00e4tigkeit mit Schwerpunkt operative Gyn\u00e4kologie am Endometriosezentrum Stufe III und Brustzentrum Landeskrankenhaus Villach. Seit 2017 \u00fcbe ich meine Facharztt\u00e4tigkeit an der Abteilung f\u00fcr Gyn\u00e4kologie und Geburtshilfe, Endometriosezentrum Stufe III, Brustzentrum Klinik Ottakring Wien aus.<\/p>\n<\/div>\n<\/div>\n<div class=\"seo-column seo-image\">\n<div class=\"seo-image-inner-left\" style=\"background-image: url('..\/wp-content\/uploads\/Arzt\/seo-artikel-arzt-2.jpg');\">&nbsp;<\/div>\n<\/div>\n<\/div>\n<div id=\"seo-seitenleiste\"><\/div>\n<\/div>\n\n\t\t<\/div>\n\t<\/div>\n<\/div><\/div><\/div><\/div>\n<\/div>","protected":false},"excerpt":{"rendered":"Kontakt Leistungen N\u00fctzliche Links Ordination \u00dcber mich &nbsp; Dr. Pempelfort hei\u00dft Sie willkommen Ich bin Dr. Sara Dunja Pempelfort und m\u00f6chte Sie bei mir willkommen hei\u00dfen. Als Wahl\u00e4rztin behandle ich von Teenagern \u00fcber Erwachsene bis hin zu Frauen in den Wechseljahren Patientinnen aller Altersklassen. Meine Ordination f\u00fcr Gyn\u00e4kologie und Geburtshilfe befindet sich in der Gemeinschaftspraxis [...]","protected":false},"author":3,"featured_media":0,"parent":0,"menu_order":0,"comment_status":"closed","ping_status":"closed","template":"one-page-template.php","meta":{"inline_featured_image":false,"footnotes":""},"class_list":["post-12245","page","type-page","status-publish","hentry"],"_links":{"self":[{"href":"https:\/\/xn--gynkologie-pempelfort-71b.at\/en\/wp-json\/wp\/v2\/pages\/12245","targetHints":{"allow":["GET"]}}],"collection":[{"href":"https:\/\/xn--gynkologie-pempelfort-71b.at\/en\/wp-json\/wp\/v2\/pages"}],"about":[{"href":"https:\/\/xn--gynkologie-pempelfort-71b.at\/en\/wp-json\/wp\/v2\/types\/page"}],"author":[{"embeddable":true,"href":"https:\/\/xn--gynkologie-pempelfort-71b.at\/en\/wp-json\/wp\/v2\/users\/3"}],"replies":[{"embeddable":true,"href":"https:\/\/xn--gynkologie-pempelfort-71b.at\/en\/wp-json\/wp\/v2\/comments?post=12245"}],"version-history":[{"count":4,"href":"https:\/\/xn--gynkologie-pempelfort-71b.at\/en\/wp-json\/wp\/v2\/pages\/12245\/revisions"}],"predecessor-version":[{"id":12692,"href":"https:\/\/xn--gynkologie-pempelfort-71b.at\/en\/wp-json\/wp\/v2\/pages\/12245\/revisions\/12692"}],"wp:attachment":[{"href":"https:\/\/xn--gynkologie-pempelfort-71b.at\/en\/wp-json\/wp\/v2\/media?parent=12245"}],"curies":[{"name":"wp","href":"https:\/\/api.w.org\/{rel}","templated":true}]}}