{"id":12247,"date":"2021-12-01T07:28:19","date_gmt":"2021-12-01T07:28:19","guid":{"rendered":"https:\/\/gynkologie-pempelfortat.dev4.braundata.com\/endometriose-zentrum-wien\/"},"modified":"2023-11-22T09:05:59","modified_gmt":"2023-11-22T09:05:59","slug":"endometriose-zentrum-wien","status":"publish","type":"page","link":"https:\/\/xn--gynkologie-pempelfort-71b.at\/en\/endometriose-zentrum-wien\/","title":{"rendered":"Endometriose Zentrum Wien"},"content":{"rendered":"<div class=\"wpb-content-wrapper\"><div class=\"vc_row wpb_row vc_row-fluid vc_custom_1643726479899\"><div class=\"wpb_column vc_column_container vc_col-sm-12\"><div class=\"vc_column-inner\"><div class=\"wpb_wrapper\"><div class=\"menu-seo-seitenleiste-container\"><ul id=\"menu-seo-seitenleiste\" class=\"\"><li id=\"menu-item-12240\" class=\"seo-seitenleiste-element menu-item menu-item-type-custom menu-item-object-custom menu-item-12240 custom-12240\"><a href=\"https:\/\/xn--gynkologie-pempelfort-71b.at\/en\/pages\/kontakt\/\">Contact<\/a><\/li>\n<li id=\"menu-item-12241\" class=\"seo-seitenleiste-element menu-item menu-item-type-custom menu-item-object-custom menu-item-12241 custom-12241\"><a href=\"https:\/\/xn--gynkologie-pempelfort-71b.at\/en\/pages\/leistungen\/\">Services<\/a><\/li>\n<li id=\"menu-item-12242\" class=\"seo-seitenleiste-element menu-item menu-item-type-custom menu-item-object-custom menu-item-12242 custom-12242\"><a href=\"https:\/\/xn--gynkologie-pempelfort-71b.at\/en\/pages\/nuetzliche-links\/\">Useful links<\/a><\/li>\n<li id=\"menu-item-12243\" class=\"seo-seitenleiste-element menu-item menu-item-type-custom menu-item-object-custom menu-item-12243 custom-12243\"><a href=\"https:\/\/xn--gynkologie-pempelfort-71b.at\/en\/pages\/ordination\/\">Practice<\/a><\/li>\n<li id=\"menu-item-12244\" class=\"seo-seitenleiste-element menu-item menu-item-type-custom menu-item-object-custom menu-item-12244 custom-12244\"><a href=\"https:\/\/xn--gynkologie-pempelfort-71b.at\/en\/pages\/ueber-mich\/\">About<\/a><\/li>\n<\/ul><\/div>\n\t<div class=\"wpb_text_column wpb_content_element\" >\n\t\t<div class=\"wpb_wrapper\">\n\t\t\t<div class=\"seo-wrapper\">\n<div class=\"seo-row\">\n<div class=\"seo-column seo-image\">\n<div class=\"seo-image-inner-left\" style=\"background-image: url('..\/wp-content\/uploads\/Arzt\/seo-artikel-arzt-2.jpg');\">&nbsp;<\/div>\n<\/div>\n<div class=\"seo-column seo-text\">\n<div class=\"seo-text-inner\">\n<h3>Praxis f\u00fcr Gyn\u00e4kologie und Geburtshilfe<\/h3>\n<p>Als Frauen\u00e4rztin und Co-Leiterin des Endometriose Zentrum Wien weise ich \u00fcber jahrelange Erfahrung im Umgang mit Patientinnen auf, die an Endometriose erkrankt sind. Sie k\u00f6nnen mich in der Klinik Ottakring ebenso besuchen wie in meiner privaten Praxis f\u00fcr Gyn\u00e4kologie und Geburtshilfe im vierten Bezirk, wo ich mit medizinischer Betreuung ohne \u00dcbersetzung durch Dritte f\u00fcr Sie in den Sprachen Deutsch, Englisch, Serbisch, Bosnisch und Kroatisch aufwarte. Gerne k\u00f6nnen Sie \u00fcber die Kontaktdaten auf meiner <a href=\"https:\/\/www.gyn\u00e4kologie-pempelfort.at\">Webseite<\/a> einen Termin vereinbaren, den wir m\u00f6glichst zeitnah ansetzen. Meine Klientel setzt sich aus Teenagern, Erwachsenen sowie Frauen in den Wechseljahren zusammen, wobei ich einige Patientinnen schon lange Zeit als Wahl\u00e4rztin begleite, sei es bei Routineuntersuchungen, der Stellung von Diagnosen (etwa durch gezielte Ultraschall-Diagnostik), Erkrankungen sowie bei Operation und der Nachsorge.<\/p>\n<\/div>\n<\/div>\n<\/div>\n<div class=\"seo-row\">\n<div class=\"seo-column seo-text\">\n<div class=\"seo-text-inner\">\n<h3>Endometriose: Was ist das denn genau?<\/h3>\n<p>Gerade Frauen im geb\u00e4rf\u00e4higen Alter ereilt Endometriose h\u00e4ufig, eine gutartige Erkrankung, bei der sich die Geb\u00e4rmutterschleimhaut in Form von \u00dcberwucherung an naheliegenden K\u00f6rperstellen bildet. Sie kann dann oberfl\u00e4chlich auf der Schleimhaut der Bauchh\u00f6hle auftreten, ebenso wie an Organen, zum Beispiel an Eierst\u00f6cken, Eileiter, Scheide, Darm, Harnblase oder Harnleiter. Mit der Endometriose treten Schmerzen auf, die vor allem w\u00e4hrend der Menstruationsblutung heftige Ausma\u00dfe annehmen k\u00f6nnen, teils jedoch auch vor und nach dem Zyklus. Als Co-Leiterin im Endometriose Zentrum Wien sowie als <a href=\"https:\/\/www.gyn\u00e4kologie-pempelfort.at\">Wahl\u00e4rztin in meiner Praxis<\/a> stehe ich Ihnen als Fachkraft zur Seite und f\u00fchre s\u00e4mtliche Untersuchungen, Diagnosegespr\u00e4che, Operationen und weiteren Therapieformen pers\u00f6nlich durch. Dabei ist f\u00fcr mich eine vertrauensvolle Beziehung zu meinen Patientinnen von gr\u00f6\u00dfter Wichtigkeit, weshalb ich mir immer Zeit f\u00fcr Ihre Fragen und Anliegen nehme.<\/p>\n<\/div>\n<\/div>\n<div class=\"seo-column seo-image\">\n<div class=\"seo-image-inner-left\" style=\"background-image: url('..\/wp-content\/uploads\/Arzt\/seo-artikel-arzt-8.jpg');\">&nbsp;<\/div>\n<\/div>\n<\/div>\n<div class=\"seo-row\">\n<div class=\"seo-column seo-image\">\n<div class=\"seo-image-inner-left\" style=\"background-image: url('..\/wp-content\/uploads\/Arzt\/seo-artikel-arzt-3.jpg');\">&nbsp;<\/div>\n<\/div>\n<div class=\"seo-column seo-text\">\n<div class=\"seo-text-inner\">\n<h3>Welche Therapieformen gibt es dagegen?<\/h3>\n<p>Durch meine T\u00e4tigkeit im Endometriose Zentrum Wien und auch als Wahl\u00e4rztin in meiner privaten Praxis kenne ich alle medizinischen Therapieans\u00e4tze zur Behandlung von Endometriose. Welcher sich f\u00fcr Sie am besten eignet, ist stark abh\u00e4ngig von Ihrem pers\u00f6nlichen Krankheitsbild. Diagnostiziert wird Endometriose einerseits durch die Ultraschalluntersuchung, andererseits mit Hilfe einer Bauchspiegelung. Je nach Symptomen und Lebensplanung treffen wir gemeinsam die Entscheidung der Behandlungsform, welche von der gyn\u00e4kologischen Laparoskopie \u00fcber medikament\u00f6se Schmerz- und Hormontherapien bis hin zu weiterf\u00fchrenden Formen wie TCM, Phytotherapie oder Osteopathie reicht. Als Ihre \u00c4rztin des Vertrauens sprechen wir jede M\u00f6glichkeit der Behandlung eingehend durch und w\u00e4gen ab, wo mit welchen Erfolgschancen zu rechnen ist, sowie alle Vor- und Nachteile. Ich nehme mir die Zeit, die Sie brauchen, damit Sie die beste Behandlung bekommen.<\/p>\n<\/div>\n<\/div>\n<\/div>\n<div class=\"seo-row\">\n<div class=\"seo-column seo-text\">\n<div class=\"seo-text-inner\">\n<h3>Laparoskopie, oder: die Knopflochchirurgie<\/h3>\n<p>Laparoskopie, die sogenannte Knopflochchirurgie, dient bei Untersuchungen, welche durch Ultraschall oder Computertomogramm ohne Ergebnis blieben. Weil sie eine minimal invasive Methode ist, bleibt die Behandlung fast narbenlos, selbst bei Eingriffen an Eierst\u00f6cken, Geb\u00e4rmutter und der Blase. Sie kommt vor allem bei Erkrankungen der Geb\u00e4rmutter sowie bei der Endometriose zum Einsatz. Dadurch, dass dabei eben gr\u00f6\u00dfere Bauchschnitte vermieden werden, erholen sich meine Patientinnen im Endometriose Zentrum Wien sowie in meiner privaten Praxis vergleichsweise rasch vom operativen Eingriff und k\u00f6nnen sich so schneller zu Hause auskurieren. Trotzdem soll an dieser Stelle nicht unerw\u00e4hnt bleiben, dass jeder operative Eingriff gewisse Gefahren birgt, \u00fcber die ich Sie vorab in einem Gespr\u00e4ch unter vier Augen eingehend aufkl\u00e4re. Dann k\u00f6nnen Sie nach Wahl selbst entscheiden, wie wir mit Ihrer Erkrankung verfahren wollen.<\/p>\n<\/div>\n<\/div>\n<div class=\"seo-column seo-image\">\n<div class=\"seo-image-inner-left\" style=\"background-image: url('..\/wp-content\/uploads\/Arzt\/seo-artikel-arzt-4.jpg');\">&nbsp;<\/div>\n<\/div>\n<\/div>\n<div class=\"seo-row\">\n<div class=\"seo-column seo-image\">\n<div class=\"seo-image-inner-left\" style=\"background-image: url('..\/wp-content\/uploads\/Arzt\/seo-artikel-arzt-7.jpg');\">&nbsp;<\/div>\n<\/div>\n<div class=\"seo-column seo-text\">\n<div class=\"seo-text-inner\">\n<h3>GnRH Analoga senken den \u00d6strogengehalt<\/h3>\n<p>Eine weitere vielversprechende Therapieform bei Endometriose bietet der Einsatz von GnRH Analoga. Diese sind Hormonpr\u00e4parate, die der Regulierung des Gonadotropin-Releasing-Hormons dienen, kurz GnRH, welches die k\u00f6rpereigene Produktion von \u00d6strogen steuert. GnRH Analoga tragen dazu bei, den \u00d6strogengehalt zu senken, was wiederum das Wachstum und die Aktivit\u00e4t von Endometriumgewebe reduziert und in Folge die Entz\u00fcndung hemmt und den Schmerz lindert. Vor allem im Vorfeld von Operationen wird auf diese Art der Therapie zur\u00fcckgegriffen, um die Endometriose zu verkleinern. Der Einsatz von GnRH Analoga ist allerdings nicht frei von Nebenwirkungen, die sich oft durch Hitzewallungen, Knochendichteverlust oder Stimmungsschwankungen \u00e4u\u00dfern. Kommen Sie entweder ins Endometriose Zentrum Wien zur Behandlung oder suchen Sie mich in meiner Praxis auf, wenn Sie lieber privat von mir als Wahl\u00e4rztin behandelt werden m\u00f6chten.<\/p>\n<\/div>\n<\/div>\n<\/div>\n<div class=\"seo-row\">\n<div class=\"seo-column seo-text\">\n<div class=\"seo-text-inner\">\n<h3>Die HRT hemmt das Wachstum des Gewebes<\/h3>\n<p>Als HRT wird eine Hormonersatztherapie bezeichnet, die von mir im Endometriose Zentrum Wien sowie in meiner Praxis zur Behandlung von Endometriose eingesetzt wird. Auch sie zielt darauf ab, den \u00d6strogenspiegel im K\u00f6rper zu regulieren, und zwar durch die Gabe von Gestagenen, um das Wachstum von Endometriumgewebe zu verlangsamen. Mit Hilfe der Hormonersatztherapie bin ich als Medizinerin in der Lage, unangenehme Symptome, von Schmerzen bis hin zu unregelm\u00e4\u00dfigen Blutungen, zu lindern. Doch wie die meisten Behandlungsformen, k\u00f6nnen auch hier Komplikationen und Nebenwirkungen auftreten, wie Gewichtszunahme oder Stimmungsbeeintr\u00e4chtigungen, \u00fcber die ich Sie im Vorhinein nat\u00fcrlich aufkl\u00e4re. Sollte die Wahl der Behandlungsform auf eine HRT fallen, geschieht dies selbstverst\u00e4ndlich unter Ber\u00fccksichtigung Ihrer individuellen Patientinnen-Geschichte. Vereinbaren Sie noch heute einen pers\u00f6nlichen Termin, um m\u00f6glichst bald die richtige Art der Therapie f\u00fcr sich zu finden.<\/p>\n<\/div>\n<\/div>\n<div class=\"seo-column seo-image\">\n<div class=\"seo-image-inner-left\" style=\"background-image: url('..\/wp-content\/uploads\/Arzt\/seo-artikel-arzt-1.jpg');\">&nbsp;<\/div>\n<\/div>\n<\/div>\n<div class=\"seo-row\">\n<div class=\"seo-column seo-image\">\n<div class=\"seo-image-inner-left\" style=\"background-image: url('..\/wp-content\/uploads\/Arzt\/seo-artikel-arzt-6.jpg');\">&nbsp;<\/div>\n<\/div>\n<div class=\"seo-column seo-text\">\n<div class=\"seo-text-inner\">\n<h3>Begleitend zur prim\u00e4ren Behandlungsmethode<\/h3>\n<p>Als Co-Leiterin des Endometriose Zentrum Wien sowie als Wahl\u00e4rztin in meiner eigenen Praxis verfolge ich zu einem gewissen Ma\u00df auch alternative Therapieformen bei Endometriose. Auch wenn sich konventionelle medizinische Behandlungsmethoden als sehr zielf\u00fchrend erweisen, ist es teilweise hilfreich, sie durch nichtschulmedizinische Herangehensweisen zu erg\u00e4nzen. Dazu z\u00e4hlen unter anderem Ern\u00e4hrungsumstellungen, die Physiotherapie, Yoga oder Akupunktur. Auch f\u00fcr an Endometriose erkrankte Frauen gilt: Du bist, was du isst. So k\u00f6nnen etwa Mahlzeiten, die reich an Omega-3-Fetts\u00e4uren sind, Entz\u00fcndungsherde rascher reduzieren. Und auch durch Physiotherapie k\u00f6nnen Schmerzen gelindert werden, wenn Sie passende Ans\u00e4tze verfolgen, ebenso wie Yoga. Teilweise f\u00fchrt auch Akupunktur zu \u00e4hnlichen Ergebnissen, weil sie helfen kann, den Energiefluss im K\u00f6rper auszugleichen. Am besten kl\u00e4ren Sie mit mir ab, welche alternativen Behandlungsmethoden f\u00fcr Sie in Frage kommen k\u00f6nnten.<\/p>\n<\/div>\n<\/div>\n<\/div>\n<div class=\"seo-row\">\n<div class=\"seo-column seo-text\">\n<div class=\"seo-text-inner\">\n<h3>Co-Leiterin des Endometriose Zentrum Wien<\/h3>\n<p>Gerne stehe ich Ihnen mit Rat und Tat zur Seite, wenn Sie eine kompetente und einf\u00fchlsame Fach\u00e4rztin f\u00fcr Gyn\u00e4kologie und Geburtshilfe ben\u00f6tigen. Besuchen Sie mich nach Terminvereinbarung in der Gemeinschaftspraxis Carr\u00e9 Schaumburg im vierten Bezirk, wo ich Sie in angenehmer Atmosph\u00e4re empfangen werde. Von Routineuntersuchungen \u00fcber gyn\u00e4kologische Beschwerden bis hin zum operativen Eingriff sind Sie bei mir in besten H\u00e4nden, sollten Sie wie ich auf individuelle Beratung und einf\u00fchlsame Begleitung besonderen Wert legen. Mit modernster Ausstattung und zeitnahen Terminen setze ich mich f\u00fcr Ihr Wohlbefinden ein. Durch meine T\u00e4tigkeit als Co-Leiterin im Endometriose Zentrum Wien bin ich zudem Spezialistin auf dem Gebiet der Endometriose. Weiterf\u00fchrende Information sowie M\u00f6glichkeiten zur Kontaktaufnahme und zur Vereinbarung von Terminen entnehmen Sie bitte meiner <a href=\"https:\/\/www.gyn\u00e4kologie-pempelfort.at\">Webseite<\/a>.<\/p>\n<\/div>\n<\/div>\n<div class=\"seo-column seo-image\">\n<div class=\"seo-image-inner-left\" style=\"background-image: url('..\/wp-content\/uploads\/Arzt\/seo-artikel-arzt-5.jpg');\">&nbsp;<\/div>\n<\/div>\n<\/div>\n<div id=\"seo-seitenleiste\"><\/div>\n<\/div>\n\n\t\t<\/div>\n\t<\/div>\n<\/div><\/div><\/div><\/div>\n<\/div>","protected":false},"excerpt":{"rendered":"Kontakt Leistungen N\u00fctzliche Links Ordination \u00dcber mich &nbsp; Praxis f\u00fcr Gyn\u00e4kologie und Geburtshilfe Als Frauen\u00e4rztin und Co-Leiterin des Endometriose Zentrum Wien weise ich \u00fcber jahrelange Erfahrung im Umgang mit Patientinnen auf, die an Endometriose erkrankt sind. Sie k\u00f6nnen mich in der Klinik Ottakring ebenso besuchen wie in meiner privaten Praxis f\u00fcr Gyn\u00e4kologie und Geburtshilfe im [...]","protected":false},"author":3,"featured_media":0,"parent":0,"menu_order":0,"comment_status":"closed","ping_status":"closed","template":"one-page-template.php","meta":{"inline_featured_image":false,"footnotes":""},"class_list":["post-12247","page","type-page","status-publish","hentry"],"_links":{"self":[{"href":"https:\/\/xn--gynkologie-pempelfort-71b.at\/en\/wp-json\/wp\/v2\/pages\/12247","targetHints":{"allow":["GET"]}}],"collection":[{"href":"https:\/\/xn--gynkologie-pempelfort-71b.at\/en\/wp-json\/wp\/v2\/pages"}],"about":[{"href":"https:\/\/xn--gynkologie-pempelfort-71b.at\/en\/wp-json\/wp\/v2\/types\/page"}],"author":[{"embeddable":true,"href":"https:\/\/xn--gynkologie-pempelfort-71b.at\/en\/wp-json\/wp\/v2\/users\/3"}],"replies":[{"embeddable":true,"href":"https:\/\/xn--gynkologie-pempelfort-71b.at\/en\/wp-json\/wp\/v2\/comments?post=12247"}],"version-history":[{"count":5,"href":"https:\/\/xn--gynkologie-pempelfort-71b.at\/en\/wp-json\/wp\/v2\/pages\/12247\/revisions"}],"predecessor-version":[{"id":12696,"href":"https:\/\/xn--gynkologie-pempelfort-71b.at\/en\/wp-json\/wp\/v2\/pages\/12247\/revisions\/12696"}],"wp:attachment":[{"href":"https:\/\/xn--gynkologie-pempelfort-71b.at\/en\/wp-json\/wp\/v2\/media?parent=12247"}],"curies":[{"name":"wp","href":"https:\/\/api.w.org\/{rel}","templated":true}]}}